{"id":9363,"date":"2022-04-15T14:43:28","date_gmt":"2022-04-15T18:43:28","guid":{"rendered":"http:\/\/s903023292.onlinehome.us\/dressupyourpup.com\/?post_type=product&#038;p=9363"},"modified":"2025-11-25T19:04:59","modified_gmt":"2025-11-26T00:04:59","slug":"filadelfia-phillies-dog-bandana","status":"publish","type":"product","link":"https:\/\/www.dressupyourpup.com\/pt\/shop\/dog-bandanas\/team-spirit-dog-bandanas\/mlb-dog-bandanas\/philadelphia-phillies-dog-bandana\/","title":{"rendered":"Bandana para cachorro Philadelphia Phillies"},"content":{"rendered":"<p>Esta \u00e9 a bandana revers\u00edvel para c\u00e3es Philadelphia Phillies que seu filhote est\u00e1 procurando!<\/p>\n<p>O Philadelphia Phillies est\u00e1 indo para sua primeira vit\u00f3ria na World Series em 2008! Se voc\u00ea n\u00e3o pode estar no Citizens Bank Park, pode torcer por eles em casa com seu melhor amigo de quatro patas. Enquanto Bryce Harper lidera os Phillies em dire\u00e7\u00e3o aos playoffs, certifique-se de que seu filhote esteja vestido para a ocasi\u00e3o com nossa linda bandana Philadelphia Phillies sobre a gola! Afinal, voc\u00ea n\u00e3o quer que as pessoas pensem que seu cachorro \u00e9 um <a href=\"https:\/\/www.dressupyourpup.com\/pt\/produtos\/miami-marlins-dog-bandana\/\">Miami Marlins<\/a>\u00a0f\u00e3, e voc\u00ea?<\/p>\n<p>Se voc\u00ea quiser personaliz\u00e1-lo, pode adicionar o nome do seu cachorro ao longo da borda da bandana.<\/p>\n<p><strong>Observa\u00e7\u00e3o: se selecionado, o nome do seu c\u00e3o estar\u00e1 no lado impresso, n\u00e3o no lado gr\u00e1fico impresso.<\/strong><\/p>\n<h2 style=\"text-align: center;\">Seis raz\u00f5es para comprar nossa bandana para c\u00e3es Philadelphia Phillies<\/h2>\n<ul>\n<li>Nossa bandana para c\u00e3es Philadelphia Phillies deslizar\u00e1 facilmente sobre a coleira, sem se preocupar em amarr\u00e1-la muito apertada ou muito solta no pesco\u00e7o do seu c\u00e3o<\/li>\n<li>Nossas bandanas Philadelphia Phillies v\u00eam em tamanhos de extrapequeno a extragrande. Ent\u00e3o, se voc\u00ea tem um chihuahua ou um dogue alem\u00e3o, temos uma bandana que caber\u00e1 no seu filhote<\/li>\n<li>A bandana \u00e9 feita com entretela para que n\u00e3o enrole e fique sempre fabulosa<\/li>\n<li>Nossa bandana \u00e9 feita \u00e0 m\u00e3o a partir de tecido pr\u00e9-encolhido e lav\u00e1vel na m\u00e1quina para que voc\u00ea possa lav\u00e1-la na m\u00e1quina de lavar, coloc\u00e1-la na secadora e est\u00e1 pronta para usar.<\/li>\n<li>Nossa bandana \u00e9 verdadeiramente revers\u00edvel com uma impress\u00e3o de um lado e um gr\u00e1fico de ferro no verso, ent\u00e3o voc\u00ea est\u00e1 recebendo duas bandanas pelo pre\u00e7o de uma<\/li>\n<li>Voc\u00ea pode personalizar sua bandana de cachorro Phillies com o nome do seu filhote<\/li>\n<\/ul>\n<p><b>Isen\u00e7\u00e3o de responsabilidade: nossas bandanas feitas \u00e0 m\u00e3o n\u00e3o s\u00e3o produtos licenciados da\u00a0<a href=\"https:\/\/www.mlb.com\/\" target=\"_blank\" rel=\"noopener noreferrer\">Liga Principal de Beisebol<\/a>. N\u00e3o somos afiliados ou patrocinados pelo\u00a0<a href=\"https:\/\/www.mlb.com\/\" target=\"_blank\" rel=\"noopener noreferrer\">Liga Principal de Beisebol<\/a>.<\/b><\/p>","protected":false},"excerpt":{"rendered":"<p>This is the reversible Philadelphia Phillies dog bandana that your pup has been looking for! The Philadelphia Phillies are going for their first World Series wince 2008! If you can\u2019t be at Citizens Bank Park then you can cheer them on at home with your four-legged best friend. As Bryce Harper leads the Phillies towards [&hellip;]<\/p>\n","protected":false},"featured_media":15248,"comment_status":"open","ping_status":"closed","template":"","meta":{"_acf_changed":false,"site-sidebar-layout":"default","site-content-layout":"default","ast-site-content-layout":"default","site-content-style":"default","site-sidebar-style":"default","ast-global-header-display":"","ast-banner-title-visibility":"","ast-main-header-display":"","ast-hfb-above-header-display":"","ast-hfb-below-header-display":"","ast-hfb-mobile-header-display":"","site-post-title":"","ast-breadcrumbs-content":"","ast-featured-img":"","footer-sml-layout":"","ast-disable-related-posts":"","theme-transparent-header-meta":"default","adv-header-id-meta":"","stick-header-meta":"default","header-above-stick-meta":"","header-main-stick-meta":"","header-below-stick-meta":"","astra-migrate-meta-layouts":"set","ast-page-background-enabled":"default","ast-page-background-meta":{"desktop":{"background-color":"","background-image":"","background-repeat":"repeat","background-position":"center center","background-size":"auto","background-attachment":"scroll","background-type":"","background-media":"","overlay-type":"","overlay-color":"","overlay-opacity":"","overlay-gradient":""},"tablet":{"background-color":"","background-image":"","background-repeat":"repeat","background-position":"center center","background-size":"auto","background-attachment":"scroll","background-type":"","background-media":"","overlay-type":"","overlay-color":"","overlay-opacity":"","overlay-gradient":""},"mobile":{"background-color":"","background-image":"","background-repeat":"repeat","background-position":"center center","background-size":"auto","background-attachment":"scroll","background-type":"","background-media":"","overlay-type":"","overlay-color":"","overlay-opacity":"","overlay-gradient":""}},"ast-content-background-meta":{"desktop":{"background-color":"var(--ast-global-color-5)","background-image":"","background-repeat":"repeat","background-position":"center center","background-size":"auto","background-attachment":"scroll","background-type":"","background-media":"","overlay-type":"","overlay-color":"","overlay-opacity":"","overlay-gradient":""},"tablet":{"background-color":"var(--ast-global-color-5)","background-image":"","background-repeat":"repeat","background-position":"center center","background-size":"auto","background-attachment":"scroll","background-type":"","background-media":"","overlay-type":"","overlay-color":"","overlay-opacity":"","overlay-gradient":""},"mobile":{"background-color":"var(--ast-global-color-5)","background-image":"","background-repeat":"repeat","background-position":"center center","background-size":"auto","background-attachment":"scroll","background-type":"","background-media":"","overlay-type":"","overlay-color":"","overlay-opacity":"","overlay-gradient":""}}},"product_brand":[],"product_cat":[41,44],"product_tag":[],"woo-feed-brand":[],"class_list":{"0":"post-9363","1":"product","2":"type-product","3":"status-publish","4":"has-post-thumbnail","6":"product_cat-team-spirit-dog-bandanas","7":"product_cat-mlb-dog-bandanas","8":"product_shipping_class-bandana","9":"desktop-align-center","10":"tablet-align-center","11":"mobile-align-center","12":"ast-product-gallery-layout-horizontal","13":"ast-product-gallery-with-no-image","14":"ast-product-single-variable","15":"ast-product-tabs-layout-horizontal","16":"ast-qv-on-image","18":"first","19":"instock","20":"purchasable","21":"product-type-variable"},"acf":[],"_links":{"self":[{"href":"https:\/\/www.dressupyourpup.com\/pt\/wp-json\/wp\/v2\/product\/9363","targetHints":{"allow":["GET"]}}],"collection":[{"href":"https:\/\/www.dressupyourpup.com\/pt\/wp-json\/wp\/v2\/product"}],"about":[{"href":"https:\/\/www.dressupyourpup.com\/pt\/wp-json\/wp\/v2\/types\/product"}],"replies":[{"embeddable":true,"href":"https:\/\/www.dressupyourpup.com\/pt\/wp-json\/wp\/v2\/comments?post=9363"}],"wp:featuredmedia":[{"embeddable":true,"href":"https:\/\/www.dressupyourpup.com\/pt\/wp-json\/wp\/v2\/media\/15248"}],"wp:attachment":[{"href":"https:\/\/www.dressupyourpup.com\/pt\/wp-json\/wp\/v2\/media?parent=9363"}],"wp:term":[{"taxonomy":"product_brand","embeddable":true,"href":"https:\/\/www.dressupyourpup.com\/pt\/wp-json\/wp\/v2\/product_brand?post=9363"},{"taxonomy":"product_cat","embeddable":true,"href":"https:\/\/www.dressupyourpup.com\/pt\/wp-json\/wp\/v2\/product_cat?post=9363"},{"taxonomy":"product_tag","embeddable":true,"href":"https:\/\/www.dressupyourpup.com\/pt\/wp-json\/wp\/v2\/product_tag?post=9363"},{"taxonomy":"woo-feed-brand","embeddable":true,"href":"https:\/\/www.dressupyourpup.com\/pt\/wp-json\/wp\/v2\/woo-feed-brand?post=9363"}],"curies":[{"name":"wp","href":"https:\/\/api.w.org\/{rel}","templated":true}]}}