{"id":9481,"date":"2022-04-16T18:38:28","date_gmt":"2022-04-16T22:38:28","guid":{"rendered":"http:\/\/s903023292.onlinehome.us\/dressupyourpup.com\/?post_type=product&#038;p=9481"},"modified":"2025-11-25T19:06:30","modified_gmt":"2025-11-26T00:06:30","slug":"roxo-com-margaridas","status":"publish","type":"product","link":"https:\/\/www.dressupyourpup.com\/pt\/shop\/dog-bandanas\/pattern-dog-bandanas\/purple-with-daisies\/","title":{"rendered":"Roxo com Margaridas Dog Bandana"},"content":{"rendered":"<p>Esta bandana de cachorro roxa com margaridas ficaria bonita em seu cachorro. \u00c9 um lindo fundo roxo escuro com pequenas margaridas brancas espalhadas por toda parte. O verso pode ser personalizado com um tecido roxo s\u00f3lido e um gr\u00e1fico branco de ferro sobre vinil, de sua escolha. A bandana para cachorro tamb\u00e9m pode ser personalizada com o nome do seu cachorro no lado Roxo com Margarida.<\/p>\n<p>Esta bandana pr\u00e9-encolhida e feita \u00e0 m\u00e3o sobre a coleira para c\u00e3es deixar\u00e1 seu c\u00e3o com inveja do parque para c\u00e3es!<\/p>\n<h2 style=\"text-align: center;\">Seis raz\u00f5es para comprar nossa bandana roxa com margaridas<\/h2>\n<ul>\n<li>Nossa bandana de cachorro roxa com margaridas deslizar\u00e1 facilmente sobre a coleira. N\u00e3o se preocupe mais em amarr\u00e1-lo muito apertado ou muito solto no pesco\u00e7o do seu c\u00e3o<\/li>\n<li>Nossa bandana roxa com margaridas vem em tamanhos de extrapequeno a extragrande. Ent\u00e3o, se voc\u00ea tem um chihuahua ou um dogue alem\u00e3o, temos uma bandana que caber\u00e1 no seu filhote<\/li>\n<li>A bandana \u00e9 feita com entretela para que n\u00e3o enrole e fique sempre fabulosa<\/li>\n<li>Nossa bandana \u00e9 feita \u00e0 m\u00e3o de tecido pr\u00e9-encolhido e lav\u00e1vel na m\u00e1quina. Voc\u00ea pode lav\u00e1-lo em sua m\u00e1quina de lavar, colocar na secadora e est\u00e1 pronto para usar<\/li>\n<li>Nossa bandana \u00e9 verdadeiramente revers\u00edvel com uma impress\u00e3o de um lado e um gr\u00e1fico de ferro no verso, ent\u00e3o voc\u00ea est\u00e1 recebendo duas bandanas pelo pre\u00e7o de uma<\/li>\n<li>Voc\u00ea pode personalizar sua bandana com o nome do seu filhote<\/li>\n<\/ul>","protected":false},"excerpt":{"rendered":"<p>This Purple with Daisies dog bandana would look paw-some on your dog.\u00a0 It is a beautiful dark purple background with little white daisies scattered all over it.\u00a0 The reverse side can be customized with a solid purple fabric and a white iron -on vinyl graphic, of your choice.\u00a0 The dog bandana can also be customized [&hellip;]<\/p>\n","protected":false},"featured_media":9522,"comment_status":"open","ping_status":"closed","template":"","meta":{"_acf_changed":false,"site-sidebar-layout":"default","site-content-layout":"default","ast-site-content-layout":"default","site-content-style":"default","site-sidebar-style":"default","ast-global-header-display":"","ast-banner-title-visibility":"","ast-main-header-display":"","ast-hfb-above-header-display":"","ast-hfb-below-header-display":"","ast-hfb-mobile-header-display":"","site-post-title":"","ast-breadcrumbs-content":"","ast-featured-img":"","footer-sml-layout":"","ast-disable-related-posts":"","theme-transparent-header-meta":"default","adv-header-id-meta":"","stick-header-meta":"default","header-above-stick-meta":"","header-main-stick-meta":"","header-below-stick-meta":"","astra-migrate-meta-layouts":"default","ast-page-background-enabled":"default","ast-page-background-meta":{"desktop":{"background-color":"","background-image":"","background-repeat":"repeat","background-position":"center center","background-size":"auto","background-attachment":"scroll","background-type":"","background-media":"","overlay-type":"","overlay-color":"","overlay-opacity":"","overlay-gradient":""},"tablet":{"background-color":"","background-image":"","background-repeat":"repeat","background-position":"center center","background-size":"auto","background-attachment":"scroll","background-type":"","background-media":"","overlay-type":"","overlay-color":"","overlay-opacity":"","overlay-gradient":""},"mobile":{"background-color":"","background-image":"","background-repeat":"repeat","background-position":"center center","background-size":"auto","background-attachment":"scroll","background-type":"","background-media":"","overlay-type":"","overlay-color":"","overlay-opacity":"","overlay-gradient":""}},"ast-content-background-meta":{"desktop":{"background-color":"var(--ast-global-color-5)","background-image":"","background-repeat":"repeat","background-position":"center center","background-size":"auto","background-attachment":"scroll","background-type":"","background-media":"","overlay-type":"","overlay-color":"","overlay-opacity":"","overlay-gradient":""},"tablet":{"background-color":"var(--ast-global-color-5)","background-image":"","background-repeat":"repeat","background-position":"center center","background-size":"auto","background-attachment":"scroll","background-type":"","background-media":"","overlay-type":"","overlay-color":"","overlay-opacity":"","overlay-gradient":""},"mobile":{"background-color":"var(--ast-global-color-5)","background-image":"","background-repeat":"repeat","background-position":"center center","background-size":"auto","background-attachment":"scroll","background-type":"","background-media":"","overlay-type":"","overlay-color":"","overlay-opacity":"","overlay-gradient":""}}},"product_brand":[],"product_cat":[36],"product_tag":[],"woo-feed-brand":[],"class_list":{"0":"post-9481","1":"product","2":"type-product","3":"status-publish","4":"has-post-thumbnail","6":"product_cat-pattern-dog-bandanas","7":"product_shipping_class-bandana","8":"desktop-align-center","9":"tablet-align-center","10":"mobile-align-center","11":"ast-product-gallery-layout-horizontal","12":"ast-product-gallery-with-no-image","13":"ast-product-single-variable","14":"ast-product-tabs-layout-horizontal","15":"ast-qv-on-image","17":"first","18":"instock","19":"shipping-taxable","20":"purchasable","21":"product-type-variable"},"acf":[],"_links":{"self":[{"href":"https:\/\/www.dressupyourpup.com\/pt\/wp-json\/wp\/v2\/product\/9481","targetHints":{"allow":["GET"]}}],"collection":[{"href":"https:\/\/www.dressupyourpup.com\/pt\/wp-json\/wp\/v2\/product"}],"about":[{"href":"https:\/\/www.dressupyourpup.com\/pt\/wp-json\/wp\/v2\/types\/product"}],"replies":[{"embeddable":true,"href":"https:\/\/www.dressupyourpup.com\/pt\/wp-json\/wp\/v2\/comments?post=9481"}],"wp:featuredmedia":[{"embeddable":true,"href":"https:\/\/www.dressupyourpup.com\/pt\/wp-json\/wp\/v2\/media\/9522"}],"wp:attachment":[{"href":"https:\/\/www.dressupyourpup.com\/pt\/wp-json\/wp\/v2\/media?parent=9481"}],"wp:term":[{"taxonomy":"product_brand","embeddable":true,"href":"https:\/\/www.dressupyourpup.com\/pt\/wp-json\/wp\/v2\/product_brand?post=9481"},{"taxonomy":"product_cat","embeddable":true,"href":"https:\/\/www.dressupyourpup.com\/pt\/wp-json\/wp\/v2\/product_cat?post=9481"},{"taxonomy":"product_tag","embeddable":true,"href":"https:\/\/www.dressupyourpup.com\/pt\/wp-json\/wp\/v2\/product_tag?post=9481"},{"taxonomy":"woo-feed-brand","embeddable":true,"href":"https:\/\/www.dressupyourpup.com\/pt\/wp-json\/wp\/v2\/woo-feed-brand?post=9481"}],"curies":[{"name":"wp","href":"https:\/\/api.w.org\/{rel}","templated":true}]}}