{"id":13318,"date":"2024-06-25T22:01:05","date_gmt":"2024-06-26T02:01:05","guid":{"rendered":"https:\/\/matthewm364.sg-host.com\/dressupyourpup.com\/?page_id=13318"},"modified":"2024-09-16T09:25:22","modified_gmt":"2024-09-16T13:25:22","slug":"dimensionering-19","status":"publish","type":"page","link":"https:\/\/www.dressupyourpup.com\/sv\/shih-tzu\/","title":{"rendered":"Shih Tzu"},"content":{"rendered":"<div data-elementor-type=\"wp-post\" data-elementor-id=\"13318\" class=\"elementor elementor-13318\" data-elementor-post-type=\"page\">\n\t\t\t\t\t\t<section class=\"elementor-section elementor-top-section elementor-element elementor-element-1fa784b elementor-section-full_width elementor-section-stretched elementor-section-height-default elementor-section-height-default\" data-id=\"1fa784b\" data-element_type=\"section\" data-e-type=\"section\" data-settings=\"{&quot;stretch_section&quot;:&quot;section-stretched&quot;,&quot;background_background&quot;:&quot;classic&quot;}\">\n\t\t\t\t\t\t<div class=\"elementor-container elementor-column-gap-no\">\n\t\t\t\t\t<div class=\"elementor-column elementor-col-100 elementor-top-column elementor-element elementor-element-d4e0cb1\" data-id=\"d4e0cb1\" data-element_type=\"column\" data-e-type=\"column\">\n\t\t\t<div class=\"elementor-widget-wrap elementor-element-populated\">\n\t\t\t\t\t\t<div class=\"elementor-element elementor-element-6e5c631 elementor-widget elementor-widget-heading\" data-id=\"6e5c631\" data-element_type=\"widget\" data-e-type=\"widget\" data-widget_type=\"heading.default\">\n\t\t\t\t<div class=\"elementor-widget-container\">\n\t\t\t\t\t<h2 class=\"elementor-heading-title elementor-size-default\">Shih Tzu<\/h2>\t\t\t\t<\/div>\n\t\t\t\t<\/div>\n\t\t\t\t<div class=\"elementor-element elementor-element-262e537 elementor-widget elementor-widget-heading\" data-id=\"262e537\" data-element_type=\"widget\" data-e-type=\"widget\" data-widget_type=\"heading.default\">\n\t\t\t\t<div class=\"elementor-widget-container\">\n\t\t\t\t\t<h4 class=\"elementor-heading-title elementor-size-default\">Information om rasen<\/h4>\t\t\t\t<\/div>\n\t\t\t\t<\/div>\n\t\t\t\t\t<\/div>\n\t\t<\/div>\n\t\t\t\t\t<\/div>\n\t\t<\/section>\n\t\t\t\t<section class=\"elementor-section elementor-top-section elementor-element elementor-element-249a6e0 elementor-section-boxed elementor-section-height-default elementor-section-height-default\" data-id=\"249a6e0\" data-element_type=\"section\" data-e-type=\"section\">\n\t\t\t\t\t\t<div class=\"elementor-container elementor-column-gap-default\">\n\t\t\t\t\t<div class=\"elementor-column elementor-col-50 elementor-top-column elementor-element elementor-element-6a62394\" data-id=\"6a62394\" data-element_type=\"column\" data-e-type=\"column\">\n\t\t\t<div class=\"elementor-widget-wrap elementor-element-populated\">\n\t\t\t\t\t\t<div class=\"elementor-element elementor-element-b526a57 elementor-widget elementor-widget-text-editor\" data-id=\"b526a57\" data-element_type=\"widget\" data-e-type=\"widget\" data-widget_type=\"text-editor.default\">\n\t\t\t\t<div class=\"elementor-widget-container\">\n\t\t\t\t\t\t\t\t\t<h3>Shih Tzus: Regaliska f\u00f6ljeslagare med ett hj\u00e4rta av guld<\/h3><p>I de mysiga h\u00f6rnen av hund\u00e4lskande hem regerar Shih Tzus som symboler f\u00f6r tillgivenhet och charm. K\u00e4nda f\u00f6r sin lyxiga p\u00e4ls och h\u00e4rliga personlighet \u00e4r dessa sm\u00e5 hundar mycket mer \u00e4n husdjur; de \u00e4r \u00e4lskade familjemedlemmar. Deras v\u00e4nliga l\u00e4ggning och tillgivna natur g\u00f6r dem till underbara f\u00f6ljeslagare, perfekta f\u00f6r b\u00e5de avslappnade mysstunder och lekfulla stunder.<\/p><p>F\u00f6r den som funderar p\u00e5 att satsa p\u00e5 en Shih Tzus kr\u00e4vs s\u00e4rskild omv\u00e5rdnad. Deras l\u00e5nga, b\u00f6ljande p\u00e4ls beh\u00f6ver regelbunden omv\u00e5rdnad f\u00f6r att beh\u00e5lla sin sk\u00f6nhet, och deras lekfulla energi kr\u00e4ver dagligt engagemang och motion. Men bel\u00f6ningen f\u00f6r deras s\u00e4llskap - som k\u00e4nnetecknas av deras orubbliga lojalitet, tillgivenhet och lekfulla anda - \u00f6verstiger vida dessa anstr\u00e4ngningar.<\/p><p>Blivande \u00e4gare b\u00f6r fundera p\u00e5 att adoptera fr\u00e5n r\u00e4ddningsstationer eller djurhem och erbjuda ett k\u00e4rleksfullt hem till en hund i n\u00f6d. Om du k\u00f6per fr\u00e5n en uppf\u00f6dare \u00e4r det viktigt att prioritera etiska metoder och hundarnas h\u00e4lsa. Ansvarsfulla uppf\u00f6dare fokuserar p\u00e5 sina djurs v\u00e4lbefinnande och ser till att du f\u00e5r hem en frisk och glad Shih Tzu.<\/p><h3>Djupdykning: Hj\u00e4rtat hos en Shih Tzu<\/h3><p>Shih Tzu har ett v\u00e4lf\u00f6rtj\u00e4nt rykte som ett omtyckt familjemedlem. Deras v\u00e4nliga och ut\u00e5triktade natur, i kombination med en lekfull anda, g\u00f6r dem till perfekta f\u00f6ljeslagare f\u00f6r olika aktiviteter och avkopplande familjetid. Ursprungligen avlade f\u00f6r att vara s\u00e4llskapshundar f\u00f6r kinesiska kungligheter, de trivs med m\u00e4nsklig interaktion och tycker om att st\u00e5 i centrum f\u00f6r uppm\u00e4rksamheten. Deras glada och k\u00e4rleksfulla upptr\u00e4dande forts\u00e4tter under hela livet och ger v\u00e4rme och lycka till varje dag.<\/p><p>Trots sin ringa storlek har shih tzus stora hj\u00e4rtan och en personlighet som lyser. Deras f\u00f6rm\u00e5ga att anpassa sig till olika familjedynamiker understryker deras roll som sanna f\u00f6ljeslagare. Med en blandning av elegans, lekfullhet och tillgivenhet f\u00f6rgyller Shih Tzus inte bara livet f\u00f6r sina \u00e4gare utan fyller ocks\u00e5 hem med skratt och k\u00e4rlek.<\/p>\t\t\t\t\t\t\t\t<\/div>\n\t\t\t\t<\/div>\n\t\t\t\t\t<\/div>\n\t\t<\/div>\n\t\t\t\t<div class=\"elementor-column elementor-col-50 elementor-top-column elementor-element elementor-element-20c1843\" data-id=\"20c1843\" data-element_type=\"column\" data-e-type=\"column\" data-settings=\"{&quot;background_background&quot;:&quot;classic&quot;}\">\n\t\t\t<div class=\"elementor-widget-wrap elementor-element-populated\">\n\t\t\t\t\t\t<div class=\"elementor-element elementor-element-792031a elementor-widget elementor-widget-text-editor\" data-id=\"792031a\" data-element_type=\"widget\" data-e-type=\"widget\" data-widget_type=\"text-editor.default\">\n\t\t\t\t<div class=\"elementor-widget-container\">\n\t\t\t\t\t\t\t\t\t<h3>En \u00f6verblick: Viktiga saker f\u00f6r Shih Tzu<\/h3><p><strong>Ursprung:<\/strong> Kina, uppf\u00f6dda som s\u00e4llskapshundar f\u00f6r kungligheter.<br \/><strong>Storlek:<\/strong> Liten, med en robust och kompakt konstruktion.<br \/><strong>Livsl\u00e4ngd:<\/strong> Ett h\u00e4rligt s\u00e4llskap p\u00e5 10-16 \u00e5r.<br \/><strong>Kappa:<\/strong> En l\u00e5ng, fl\u00f6dande dubbelp\u00e4ls som finns i olika f\u00e4rger och som kr\u00e4ver regelbunden p\u00e4lsv\u00e5rd.<br \/><strong>Personlighet:<\/strong> F\u00f6rkroppsligar v\u00e4nlighet, lekfullhet och tillgivenhet.<br \/><strong>Tr\u00e4ning:<\/strong> En lycklig Shih Tzu \u00e4r en m\u00e5ttligt aktiv hund; dagliga promenader och lek \u00e4r viktiga.<br \/><strong>Tr\u00e4ning:<\/strong> Intelligent och ivrig att behaga; positiv f\u00f6rst\u00e4rkning fungerar b\u00e4st.<br \/><strong>H\u00e4lsa:<\/strong> Regelbundna veterin\u00e4rkontroller kan f\u00f6rebygga vanliga h\u00e4lsoproblem hos rasen och s\u00e4kerst\u00e4lla ett l\u00e5ngt och friskt liv.<\/p><h3>H\u00f6jdpunkter: Shih Tzu-charmen<\/h3><p><strong>Regal och k\u00e4rleksfull:<\/strong> Shih Tzus \u00e4r k\u00e4nda f\u00f6r sitt kungliga arv och k\u00e4rleksfulla uppf\u00f6rande och utm\u00e4rker sig genom att erbjuda s\u00e4llskap och gl\u00e4dje.<br \/><strong>Intelligent och utbildbar:<\/strong> De \u00e4r mycket intelligenta och vill g\u00e4rna vara till lags och trivs i milj\u00f6er d\u00e4r de kan l\u00e4ra sig och engagera sig.<br \/><strong>Lyxiga kappor:<\/strong> Deras fantastiska p\u00e4ls kr\u00e4ver regelbunden sk\u00f6tsel men bel\u00f6nas med elegans och sk\u00f6nhet.<br \/><strong>Lekfulla partners:<\/strong> Deras lekfullhet och tillgivna natur g\u00f6r dem till perfekta f\u00f6ljeslagare f\u00f6r b\u00e5de familjer och privatpersoner.<br \/><strong>Of\u00f6rtr\u00f6ttlig lojalitet:<\/strong> De \u00e4r djupt h\u00e4ngivna och bildar starka, k\u00e4rleksfulla band med sina familjer och erbjuder st\u00e4ndig tillgivenhet.<br \/><strong>Anpassningsbara v\u00e4nner:<\/strong> Oavsett om det \u00e4r i en l\u00e4genhet eller ett hus med tr\u00e4dg\u00e5rd g\u00f6r deras anpassningsbara natur dem l\u00e4mpliga f\u00f6r olika boendemilj\u00f6er.<br \/><strong>Gemenskapens \u00e4lsklingar:<\/strong> Ut\u00f6ver att vara ett personligt s\u00e4llskap deltar Shih Tzus ofta i terapi och samh\u00e4llsaktiviteter, vilket visar p\u00e5 deras v\u00e4nliga och k\u00e4rleksfulla sinne.<\/p>\t\t\t\t\t\t\t\t<\/div>\n\t\t\t\t<\/div>\n\t\t\t\t\t<\/div>\n\t\t<\/div>\n\t\t\t\t\t<\/div>\n\t\t<\/section>\n\t\t\t\t<section class=\"elementor-section elementor-top-section elementor-element elementor-element-17efe67 elementor-section-boxed elementor-section-height-default elementor-section-height-default\" data-id=\"17efe67\" data-element_type=\"section\" data-e-type=\"section\">\n\t\t\t\t\t\t<div class=\"elementor-container elementor-column-gap-default\">\n\t\t\t\t\t<div class=\"elementor-column elementor-col-100 elementor-top-column elementor-element elementor-element-1c64772\" data-id=\"1c64772\" data-element_type=\"column\" data-e-type=\"column\">\n\t\t\t<div class=\"elementor-widget-wrap elementor-element-populated\">\n\t\t\t\t\t\t<div class=\"elementor-element elementor-element-4b37843 elementor-widget elementor-widget-heading\" data-id=\"4b37843\" data-element_type=\"widget\" data-e-type=\"widget\" data-widget_type=\"heading.default\">\n\t\t\t\t<div class=\"elementor-widget-container\">\n\t\t\t\t\t<h2 class=\"elementor-heading-title elementor-size-default\">L\u00e4s mer om Shih Tzus<\/h2>\t\t\t\t<\/div>\n\t\t\t\t<\/div>\n\t\t\t\t\t<\/div>\n\t\t<\/div>\n\t\t\t\t\t<\/div>\n\t\t<\/section>\n\t\t\t\t<section class=\"elementor-section elementor-top-section elementor-element elementor-element-2d04ae9 elementor-section-boxed elementor-section-height-default elementor-section-height-default\" data-id=\"2d04ae9\" data-element_type=\"section\" data-e-type=\"section\">\n\t\t\t\t\t\t<div class=\"elementor-container elementor-column-gap-default\">\n\t\t\t\t\t<div class=\"elementor-column elementor-col-100 elementor-top-column elementor-element elementor-element-05dd9d9\" data-id=\"05dd9d9\" data-element_type=\"column\" data-e-type=\"column\">\n\t\t\t<div class=\"elementor-widget-wrap elementor-element-populated\">\n\t\t\t\t\t\t<div class=\"elementor-element elementor-element-11892c7 elementor-grid-3 elementor-grid-tablet-2 elementor-grid-mobile-1 elementor-posts--thumbnail-top elementor-posts--show-avatar elementor-card-shadow-yes elementor-posts__hover-gradient elementor-widget elementor-widget-posts\" data-id=\"11892c7\" data-element_type=\"widget\" data-e-type=\"widget\" data-settings=\"{&quot;cards_columns&quot;:&quot;3&quot;,&quot;cards_columns_tablet&quot;:&quot;2&quot;,&quot;cards_columns_mobile&quot;:&quot;1&quot;,&quot;cards_row_gap&quot;:{&quot;unit&quot;:&quot;px&quot;,&quot;size&quot;:35,&quot;sizes&quot;:[]},&quot;cards_row_gap_tablet&quot;:{&quot;unit&quot;:&quot;px&quot;,&quot;size&quot;:&quot;&quot;,&quot;sizes&quot;:[]},&quot;cards_row_gap_mobile&quot;:{&quot;unit&quot;:&quot;px&quot;,&quot;size&quot;:&quot;&quot;,&quot;sizes&quot;:[]}}\" data-widget_type=\"posts.cards\">\n\t\t\t\t<div class=\"elementor-widget-container\">\n\t\t\t\t\t\t\t<div class=\"elementor-posts-container elementor-posts elementor-posts--skin-cards elementor-grid\" role=\"list\">\n\t\t\t\t<article class=\"elementor-post elementor-grid-item post-15126 post type-post status-publish format-standard has-post-thumbnail hentry category-shih-tzu\" role=\"listitem\">\n\t\t\t<div class=\"elementor-post__card\">\n\t\t\t\t<a class=\"elementor-post__thumbnail__link\" href=\"https:\/\/www.dressupyourpup.com\/sv\/the-ultimate-shih-tzu-grooming-guide-keep-your-pup-looking-and-feeling-great\/\" tabindex=\"-1\"><div class=\"elementor-post__thumbnail\"><img fetchpriority=\"high\" decoding=\"async\" width=\"300\" height=\"200\" src=\"https:\/\/www.dressupyourpup.com\/wp-content\/uploads\/2026\/01\/AdobeStock_181271379-300x200.jpeg\" class=\"attachment-medium size-medium wp-image-15777\" alt=\"\" srcset=\"https:\/\/www.dressupyourpup.com\/wp-content\/uploads\/2026\/01\/AdobeStock_181271379-300x200.jpeg 300w, https:\/\/www.dressupyourpup.com\/wp-content\/uploads\/2026\/01\/AdobeStock_181271379-1024x683.jpeg 1024w, https:\/\/www.dressupyourpup.com\/wp-content\/uploads\/2026\/01\/AdobeStock_181271379-768x512.jpeg 768w, https:\/\/www.dressupyourpup.com\/wp-content\/uploads\/2026\/01\/AdobeStock_181271379-1536x1024.jpeg 1536w, https:\/\/www.dressupyourpup.com\/wp-content\/uploads\/2026\/01\/AdobeStock_181271379-2048x1365.jpeg 2048w, https:\/\/www.dressupyourpup.com\/wp-content\/uploads\/2026\/01\/AdobeStock_181271379-18x12.jpeg 18w, https:\/\/www.dressupyourpup.com\/wp-content\/uploads\/2026\/01\/AdobeStock_181271379-600x400.jpeg 600w\" sizes=\"(max-width: 300px) 100vw, 300px\" \/><\/div><\/a>\n\t\t\t\t<div class=\"elementor-post__avatar\">\n\t\t\t\t\t<\/div>\n\t\t\t\t<div class=\"elementor-post__text\">\n\t\t\t\t<h3 class=\"elementor-post__title\">\n\t\t\t<a href=\"https:\/\/www.dressupyourpup.com\/sv\/the-ultimate-shih-tzu-grooming-guide-keep-your-pup-looking-and-feeling-great\/\">\n\t\t\t\tThe Ultimate Shih Tzu Grooming Guide: Keep Your Pup Looking and Feeling Great\t\t\t<\/a>\n\t\t<\/h3>\n\t\t\t\t<div class=\"elementor-post__excerpt\">\n\t\t\t<p>Introduction Shih Tzus are known for their luxurious, flowing coats, expressive faces, and charming personalities. While their beautiful fur is one of their most distinctive features, it also requires consistent care to keep it clean, tangle-free, and comfortable. Regular grooming isn\u2019t just about aesthetics\u2014it\u2019s essential for their health and well-being.<\/p>\n\t\t<\/div>\n\t\t\n\t\t<a class=\"elementor-post__read-more\" href=\"https:\/\/www.dressupyourpup.com\/sv\/the-ultimate-shih-tzu-grooming-guide-keep-your-pup-looking-and-feeling-great\/\" aria-label=\"L\u00e4s mer om The Ultimate Shih Tzu Grooming Guide: Keep Your Pup Looking and Feeling Great\" tabindex=\"-1\">\n\t\t\tL\u00e4s mer &quot;\t\t<\/a>\n\n\t\t\t\t<\/div>\n\t\t\t\t<div class=\"elementor-post__meta-data\">\n\t\t\t\t\t<span class=\"elementor-post-date\">\n\t\t\tjanuari 16, 2026\t\t<\/span>\n\t\t\t\t<span class=\"elementor-post-avatar\">\n\t\t\tInga kommentarer\t\t<\/span>\n\t\t\t\t<\/div>\n\t\t\t\t\t<\/div>\n\t\t<\/article>\n\t\t\t\t<article class=\"elementor-post elementor-grid-item post-12384 post type-post status-publish format-standard has-post-thumbnail hentry category-shih-tzu\" role=\"listitem\">\n\t\t\t<div class=\"elementor-post__card\">\n\t\t\t\t<a class=\"elementor-post__thumbnail__link\" href=\"https:\/\/www.dressupyourpup.com\/sv\/shih-tzu-shine-the-ultimate-guide-to-diet-and-exercise-for-your-fluffy-companion\/\" tabindex=\"-1\"><div class=\"elementor-post__thumbnail\"><img decoding=\"async\" width=\"300\" height=\"200\" src=\"https:\/\/www.dressupyourpup.com\/wp-content\/uploads\/2023\/07\/portrait-of-a-cute-shih-tzu-dog-2022-12-16-12-30-39-utc-300x200.jpg\" class=\"attachment-medium size-medium wp-image-12385\" alt=\"Portr\u00e4tt av en s\u00f6t Shih Tzu-hund\" srcset=\"https:\/\/www.dressupyourpup.com\/wp-content\/uploads\/2023\/07\/portrait-of-a-cute-shih-tzu-dog-2022-12-16-12-30-39-utc-300x200.jpg 300w, https:\/\/www.dressupyourpup.com\/wp-content\/uploads\/2023\/07\/portrait-of-a-cute-shih-tzu-dog-2022-12-16-12-30-39-utc-1024x683.jpg 1024w, https:\/\/www.dressupyourpup.com\/wp-content\/uploads\/2023\/07\/portrait-of-a-cute-shih-tzu-dog-2022-12-16-12-30-39-utc-768x513.jpg 768w, https:\/\/www.dressupyourpup.com\/wp-content\/uploads\/2023\/07\/portrait-of-a-cute-shih-tzu-dog-2022-12-16-12-30-39-utc-1536x1025.jpg 1536w, https:\/\/www.dressupyourpup.com\/wp-content\/uploads\/2023\/07\/portrait-of-a-cute-shih-tzu-dog-2022-12-16-12-30-39-utc-2048x1367.jpg 2048w, https:\/\/www.dressupyourpup.com\/wp-content\/uploads\/2023\/07\/portrait-of-a-cute-shih-tzu-dog-2022-12-16-12-30-39-utc-18x12.jpg 18w, https:\/\/www.dressupyourpup.com\/wp-content\/uploads\/2023\/07\/portrait-of-a-cute-shih-tzu-dog-2022-12-16-12-30-39-utc-600x400.jpg 600w\" sizes=\"(max-width: 300px) 100vw, 300px\" \/><\/div><\/a>\n\t\t\t\t<div class=\"elementor-post__avatar\">\n\t\t\t\t\t<\/div>\n\t\t\t\t<div class=\"elementor-post__text\">\n\t\t\t\t<h3 class=\"elementor-post__title\">\n\t\t\t<a href=\"https:\/\/www.dressupyourpup.com\/sv\/shih-tzu-shine-the-ultimate-guide-to-diet-and-exercise-for-your-fluffy-companion\/\">\n\t\t\t\tShih Tzu Shine: Den ultimata guiden till kost och tr\u00e4ning f\u00f6r din fluffiga f\u00f6ljeslagare\t\t\t<\/a>\n\t\t<\/h3>\n\t\t\t\t<div class=\"elementor-post__excerpt\">\n\t\t\t<p>Shih Tzu, som ofta f\u00f6rknippas med uttrycket \"lejonhund\" p\u00e5 grund av sitt eleganta och charmiga upptr\u00e4dande, \u00e4r en ras som har hyllats i \u00e5rhundraden. Dessa sm\u00e5 hundar, som ursprungligen kommer fr\u00e5n Tibet och Kina, \u00e4r k\u00e4nda f\u00f6r sin distinkta p\u00e4ls, sitt godmodiga temperament och sin ob\u00e4ndiga lojalitet. \u00c4ven om de i allm\u00e4nhet \u00e4r l\u00e4ttsk\u00f6tta<\/p>\n\t\t<\/div>\n\t\t\n\t\t<a class=\"elementor-post__read-more\" href=\"https:\/\/www.dressupyourpup.com\/sv\/shih-tzu-shine-the-ultimate-guide-to-diet-and-exercise-for-your-fluffy-companion\/\" aria-label=\"L\u00e4s mer om Shih Tzu Shine: The Ultimate Guide to Diet and Exercise for Your Fluffy Companion\" tabindex=\"-1\">\n\t\t\tL\u00e4s mer &quot;\t\t<\/a>\n\n\t\t\t\t<\/div>\n\t\t\t\t<div class=\"elementor-post__meta-data\">\n\t\t\t\t\t<span class=\"elementor-post-date\">\n\t\t\t18 juli 2023\t\t<\/span>\n\t\t\t\t<span class=\"elementor-post-avatar\">\n\t\t\tInga kommentarer\t\t<\/span>\n\t\t\t\t<\/div>\n\t\t\t\t\t<\/div>\n\t\t<\/article>\n\t\t\t\t<\/div>\n\t\t\n\t\t\t\t\t\t<\/div>\n\t\t\t\t<\/div>\n\t\t\t\t\t<\/div>\n\t\t<\/div>\n\t\t\t\t\t<\/div>\n\t\t<\/section>\n\t\t\t\t<\/div>","protected":false},"excerpt":{"rendered":"<p>Shih Tzu Breed Information Shih Tzus: Regal Companions with a Heart of Gold In the cozy corners of dog-loving homes, Shih Tzus reign as symbols of affection and charm. Known for their luxurious coats and delightful personalities, these little dogs are much more than pets; they are beloved family members. Their friendly disposition and affectionate [&hellip;]<\/p>\n","protected":false},"author":1,"featured_media":0,"parent":0,"menu_order":0,"comment_status":"closed","ping_status":"closed","template":"","meta":{"_acf_changed":false,"site-sidebar-layout":"default","site-content-layout":"default","ast-site-content-layout":"default","site-content-style":"default","site-sidebar-style":"default","ast-global-header-display":"","ast-banner-title-visibility":"","ast-main-header-display":"","ast-hfb-above-header-display":"","ast-hfb-below-header-display":"","ast-hfb-mobile-header-display":"","site-post-title":"disabled","ast-breadcrumbs-content":"","ast-featured-img":"","footer-sml-layout":"","ast-disable-related-posts":"","theme-transparent-header-meta":"default","adv-header-id-meta":"","stick-header-meta":"default","header-above-stick-meta":"","header-main-stick-meta":"","header-below-stick-meta":"","astra-migrate-meta-layouts":"set","ast-page-background-enabled":"default","ast-page-background-meta":{"desktop":{"background-color":"","background-image":"","background-repeat":"repeat","background-position":"center center","background-size":"auto","background-attachment":"scroll","background-type":"","background-media":"","overlay-type":"","overlay-color":"","overlay-opacity":"","overlay-gradient":""},"tablet":{"background-color":"","background-image":"","background-repeat":"repeat","background-position":"center center","background-size":"auto","background-attachment":"scroll","background-type":"","background-media":"","overlay-type":"","overlay-color":"","overlay-opacity":"","overlay-gradient":""},"mobile":{"background-color":"","background-image":"","background-repeat":"repeat","background-position":"center center","background-size":"auto","background-attachment":"scroll","background-type":"","background-media":"","overlay-type":"","overlay-color":"","overlay-opacity":"","overlay-gradient":""}},"ast-content-background-meta":{"desktop":{"background-color":"var(--ast-global-color-5)","background-image":"","background-repeat":"repeat","background-position":"center center","background-size":"auto","background-attachment":"scroll","background-type":"","background-media":"","overlay-type":"","overlay-color":"","overlay-opacity":"","overlay-gradient":""},"tablet":{"background-color":"var(--ast-global-color-5)","background-image":"","background-repeat":"repeat","background-position":"center center","background-size":"auto","background-attachment":"scroll","background-type":"","background-media":"","overlay-type":"","overlay-color":"","overlay-opacity":"","overlay-gradient":""},"mobile":{"background-color":"var(--ast-global-color-5)","background-image":"","background-repeat":"repeat","background-position":"center center","background-size":"auto","background-attachment":"scroll","background-type":"","background-media":"","overlay-type":"","overlay-color":"","overlay-opacity":"","overlay-gradient":""}},"footnotes":""},"class_list":["post-13318","page","type-page","status-publish","hentry"],"acf":[],"_links":{"self":[{"href":"https:\/\/www.dressupyourpup.com\/sv\/wp-json\/wp\/v2\/pages\/13318","targetHints":{"allow":["GET"]}}],"collection":[{"href":"https:\/\/www.dressupyourpup.com\/sv\/wp-json\/wp\/v2\/pages"}],"about":[{"href":"https:\/\/www.dressupyourpup.com\/sv\/wp-json\/wp\/v2\/types\/page"}],"author":[{"embeddable":true,"href":"https:\/\/www.dressupyourpup.com\/sv\/wp-json\/wp\/v2\/users\/1"}],"replies":[{"embeddable":true,"href":"https:\/\/www.dressupyourpup.com\/sv\/wp-json\/wp\/v2\/comments?post=13318"}],"version-history":[{"count":0,"href":"https:\/\/www.dressupyourpup.com\/sv\/wp-json\/wp\/v2\/pages\/13318\/revisions"}],"wp:attachment":[{"href":"https:\/\/www.dressupyourpup.com\/sv\/wp-json\/wp\/v2\/media?parent=13318"}],"curies":[{"name":"wp","href":"https:\/\/api.w.org\/{rel}","templated":true}]}}