{"id":10865,"date":"2022-10-01T12:13:32","date_gmt":"2022-10-01T16:13:32","guid":{"rendered":"https:\/\/matthewm364.sg-host.com\/dressupyourpup.com\/?post_type=product&#038;p=10865"},"modified":"2025-11-25T19:11:21","modified_gmt":"2025-11-26T00:11:21","slug":"buffel-check-plad-hundhalsband","status":"publish","type":"product","link":"https:\/\/www.dressupyourpup.com\/sv\/shop\/dog-collars\/pattern\/buffalo-check-plaid-dog-collar\/","title":{"rendered":"Buffalo Check Rutigt hundhalsband"},"content":{"rendered":"<p>Vill du att din valp ska se s\u00e5 bra ut som den h\u00e4r julen? Leta inte l\u00e4ngre \u00e4n v\u00e5rt snygga Buffalo Check Rutigt hundhalsband! Detta vackra halsband kommer att g\u00f6ra din valp till julfestens hit. Vi anv\u00e4nder inget annat \u00e4n det b\u00e4sta och starkaste materialet f\u00f6r din hund. Kragen \u00e4r gjord med 1-tums kraftiga polypropenband och all metallbeslag inklusive:<\/p>\n<ul>\n<li>1-tums nickelpl\u00e4terade sp\u00e4nnen som \u00e4r utformade f\u00f6r maximal komfort f\u00f6r din valp<\/li>\n<li>1-tums tunga svetsade d-ringar att f\u00e4sta ditt koppel p\u00e5<\/li>\n<li>1-tums metall med bred mun, rundade tri-glide reglage f\u00f6r att enkelt justera storleken p\u00e5 kragen<\/li>\n<\/ul>","protected":false},"excerpt":{"rendered":"<p>Do you want to have your pup looking their best this holiday season? Look no further than our stylish Buffalo Check Plaid dog collar! This beautiful collar will make your pup the hit of the Christmas party. We use nothing but the best and strongest material for your dog. The collar is made with 1-inch [&hellip;]<\/p>\n","protected":false},"featured_media":10869,"comment_status":"open","ping_status":"closed","template":"","meta":{"_acf_changed":false,"site-sidebar-layout":"default","site-content-layout":"default","ast-site-content-layout":"default","site-content-style":"default","site-sidebar-style":"default","ast-global-header-display":"","ast-banner-title-visibility":"","ast-main-header-display":"","ast-hfb-above-header-display":"","ast-hfb-below-header-display":"","ast-hfb-mobile-header-display":"","site-post-title":"","ast-breadcrumbs-content":"","ast-featured-img":"","footer-sml-layout":"","ast-disable-related-posts":"","theme-transparent-header-meta":"default","adv-header-id-meta":"","stick-header-meta":"default","header-above-stick-meta":"","header-main-stick-meta":"","header-below-stick-meta":"","astra-migrate-meta-layouts":"set","ast-page-background-enabled":"default","ast-page-background-meta":{"desktop":{"background-color":"","background-image":"","background-repeat":"repeat","background-position":"center center","background-size":"auto","background-attachment":"scroll","background-type":"","background-media":"","overlay-type":"","overlay-color":"","overlay-opacity":"","overlay-gradient":""},"tablet":{"background-color":"","background-image":"","background-repeat":"repeat","background-position":"center center","background-size":"auto","background-attachment":"scroll","background-type":"","background-media":"","overlay-type":"","overlay-color":"","overlay-opacity":"","overlay-gradient":""},"mobile":{"background-color":"","background-image":"","background-repeat":"repeat","background-position":"center center","background-size":"auto","background-attachment":"scroll","background-type":"","background-media":"","overlay-type":"","overlay-color":"","overlay-opacity":"","overlay-gradient":""}},"ast-content-background-meta":{"desktop":{"background-color":"var(--ast-global-color-5)","background-image":"","background-repeat":"repeat","background-position":"center center","background-size":"auto","background-attachment":"scroll","background-type":"","background-media":"","overlay-type":"","overlay-color":"","overlay-opacity":"","overlay-gradient":""},"tablet":{"background-color":"var(--ast-global-color-5)","background-image":"","background-repeat":"repeat","background-position":"center center","background-size":"auto","background-attachment":"scroll","background-type":"","background-media":"","overlay-type":"","overlay-color":"","overlay-opacity":"","overlay-gradient":""},"mobile":{"background-color":"var(--ast-global-color-5)","background-image":"","background-repeat":"repeat","background-position":"center center","background-size":"auto","background-attachment":"scroll","background-type":"","background-media":"","overlay-type":"","overlay-color":"","overlay-opacity":"","overlay-gradient":""}}},"product_brand":[],"product_cat":[94,101],"product_tag":[],"woo-feed-brand":[],"class_list":{"0":"post-10865","1":"product","2":"type-product","3":"status-publish","4":"has-post-thumbnail","6":"product_cat-dog-collars","7":"product_cat-pattern","8":"product_shipping_class-products","9":"desktop-align-center","10":"tablet-align-center","11":"mobile-align-center","12":"ast-product-gallery-layout-horizontal","13":"ast-product-gallery-with-no-image","14":"ast-product-single-variable","15":"ast-product-tabs-layout-horizontal","16":"ast-qv-on-image","18":"first","19":"instock","20":"shipping-taxable","21":"purchasable","22":"product-type-variable"},"acf":[],"_links":{"self":[{"href":"https:\/\/www.dressupyourpup.com\/sv\/wp-json\/wp\/v2\/product\/10865","targetHints":{"allow":["GET"]}}],"collection":[{"href":"https:\/\/www.dressupyourpup.com\/sv\/wp-json\/wp\/v2\/product"}],"about":[{"href":"https:\/\/www.dressupyourpup.com\/sv\/wp-json\/wp\/v2\/types\/product"}],"replies":[{"embeddable":true,"href":"https:\/\/www.dressupyourpup.com\/sv\/wp-json\/wp\/v2\/comments?post=10865"}],"wp:featuredmedia":[{"embeddable":true,"href":"https:\/\/www.dressupyourpup.com\/sv\/wp-json\/wp\/v2\/media\/10869"}],"wp:attachment":[{"href":"https:\/\/www.dressupyourpup.com\/sv\/wp-json\/wp\/v2\/media?parent=10865"}],"wp:term":[{"taxonomy":"product_brand","embeddable":true,"href":"https:\/\/www.dressupyourpup.com\/sv\/wp-json\/wp\/v2\/product_brand?post=10865"},{"taxonomy":"product_cat","embeddable":true,"href":"https:\/\/www.dressupyourpup.com\/sv\/wp-json\/wp\/v2\/product_cat?post=10865"},{"taxonomy":"product_tag","embeddable":true,"href":"https:\/\/www.dressupyourpup.com\/sv\/wp-json\/wp\/v2\/product_tag?post=10865"},{"taxonomy":"woo-feed-brand","embeddable":true,"href":"https:\/\/www.dressupyourpup.com\/sv\/wp-json\/wp\/v2\/woo-feed-brand?post=10865"}],"curies":[{"name":"wp","href":"https:\/\/api.w.org\/{rel}","templated":true}]}}