{"id":11498,"date":"2023-03-09T12:52:04","date_gmt":"2023-03-09T17:52:04","guid":{"rendered":"https:\/\/matthewm364.sg-host.com\/dressupyourpup.com\/?post_type=product&#038;p=11498"},"modified":"2025-11-25T19:14:56","modified_gmt":"2025-11-26T00:14:56","slug":"calgary-flames-hundhalsband","status":"publish","type":"product","link":"https:\/\/www.dressupyourpup.com\/sv\/shop\/dog-collars\/team-spirit\/nhl\/calgary-flames-dog-collar\/","title":{"rendered":"Calgary Flames hundhalsband"},"content":{"rendered":"<p>Vill du att din valp ska se b\u00e4st ut den h\u00e4r hockeys\u00e4songen? Leta inte l\u00e4ngre \u00e4n v\u00e5rt snygga Calgary Flames hundhalsband! Detta vackra halsband kommer att g\u00f6ra din valp till en hit i traktens rinken. N\u00e4r allt kommer omkring vill du inte att folk ska tro att din hund \u00e4r en <a href=\"https:\/\/www.dressupyourpup.com\/sv\/produkt\/edmonton-oilers-hundhalsband\/\">Edmonton Oilers<\/a> fan, g\u00f6r du? Vi anv\u00e4nder inget annat \u00e4n det b\u00e4sta och starkaste materialet f\u00f6r din hund. Calgary Flames hundhalsband \u00e4r tillverkat med 1-tums kraftiga polypropenband och all metallbeslag inklusive:<\/p>\n<ul>\n<li>1-tums nickelpl\u00e4terade sp\u00e4nnen som \u00e4r utformade f\u00f6r maximal komfort f\u00f6r din valp<\/li>\n<li>1-tums tunga svetsade d-ringar att f\u00e4sta ditt koppel p\u00e5<\/li>\n<li>1-tums metall med bred mun, rundade tri-glide reglage f\u00f6r att enkelt justera storleken p\u00e5 kragen<\/li>\n<\/ul>\n<p><b>Ansvarsfriskrivning: V\u00e5ra handgjorda kragar \u00e4r inte licensierade produkter fr\u00e5n <a href=\"https:\/\/www.nhl.com\/\" target=\"_blank\" rel=\"noopener\">NHL<\/a>. Vi \u00e4r inte anslutna till eller sponsrade av\u00a0<a href=\"https:\/\/www.nhl.com\/\" target=\"_blank\" rel=\"noopener noreferrer\">NHL<\/a><\/b><\/p>","protected":false},"excerpt":{"rendered":"<p>Do you want to have your pup looking its best this hockey season? Look no further than our stylish Calgary Flames dog collar! This beautiful collar will make your pup the hit of the neighbourhood rink. After all you don&#8217;t want people thinking your dog is an Edmonton Oilers fan, do you? We use nothing [&hellip;]<\/p>\n","protected":false},"featured_media":11428,"comment_status":"open","ping_status":"closed","template":"","meta":{"_acf_changed":false,"site-sidebar-layout":"default","site-content-layout":"default","ast-site-content-layout":"default","site-content-style":"default","site-sidebar-style":"default","ast-global-header-display":"","ast-banner-title-visibility":"","ast-main-header-display":"","ast-hfb-above-header-display":"","ast-hfb-below-header-display":"","ast-hfb-mobile-header-display":"","site-post-title":"","ast-breadcrumbs-content":"","ast-featured-img":"","footer-sml-layout":"","ast-disable-related-posts":"","theme-transparent-header-meta":"default","adv-header-id-meta":"","stick-header-meta":"default","header-above-stick-meta":"","header-main-stick-meta":"","header-below-stick-meta":"","astra-migrate-meta-layouts":"set","ast-page-background-enabled":"default","ast-page-background-meta":{"desktop":{"background-color":"","background-image":"","background-repeat":"repeat","background-position":"center center","background-size":"auto","background-attachment":"scroll","background-type":"","background-media":"","overlay-type":"","overlay-color":"","overlay-opacity":"","overlay-gradient":""},"tablet":{"background-color":"","background-image":"","background-repeat":"repeat","background-position":"center center","background-size":"auto","background-attachment":"scroll","background-type":"","background-media":"","overlay-type":"","overlay-color":"","overlay-opacity":"","overlay-gradient":""},"mobile":{"background-color":"","background-image":"","background-repeat":"repeat","background-position":"center center","background-size":"auto","background-attachment":"scroll","background-type":"","background-media":"","overlay-type":"","overlay-color":"","overlay-opacity":"","overlay-gradient":""}},"ast-content-background-meta":{"desktop":{"background-color":"var(--ast-global-color-5)","background-image":"","background-repeat":"repeat","background-position":"center center","background-size":"auto","background-attachment":"scroll","background-type":"","background-media":"","overlay-type":"","overlay-color":"","overlay-opacity":"","overlay-gradient":""},"tablet":{"background-color":"var(--ast-global-color-5)","background-image":"","background-repeat":"repeat","background-position":"center center","background-size":"auto","background-attachment":"scroll","background-type":"","background-media":"","overlay-type":"","overlay-color":"","overlay-opacity":"","overlay-gradient":""},"mobile":{"background-color":"var(--ast-global-color-5)","background-image":"","background-repeat":"repeat","background-position":"center center","background-size":"auto","background-attachment":"scroll","background-type":"","background-media":"","overlay-type":"","overlay-color":"","overlay-opacity":"","overlay-gradient":""}}},"product_brand":[],"product_cat":[94,98],"product_tag":[],"woo-feed-brand":[],"class_list":{"0":"post-11498","1":"product","2":"type-product","3":"status-publish","4":"has-post-thumbnail","6":"product_cat-dog-collars","7":"product_cat-nhl","8":"product_shipping_class-products","9":"desktop-align-center","10":"tablet-align-center","11":"mobile-align-center","12":"ast-product-gallery-layout-horizontal","13":"ast-product-gallery-with-no-image","14":"ast-product-single-variable","15":"ast-product-tabs-layout-horizontal","16":"ast-qv-on-image","18":"first","19":"outofstock","20":"shipping-taxable","21":"purchasable","22":"product-type-variable"},"acf":[],"_links":{"self":[{"href":"https:\/\/www.dressupyourpup.com\/sv\/wp-json\/wp\/v2\/product\/11498","targetHints":{"allow":["GET"]}}],"collection":[{"href":"https:\/\/www.dressupyourpup.com\/sv\/wp-json\/wp\/v2\/product"}],"about":[{"href":"https:\/\/www.dressupyourpup.com\/sv\/wp-json\/wp\/v2\/types\/product"}],"replies":[{"embeddable":true,"href":"https:\/\/www.dressupyourpup.com\/sv\/wp-json\/wp\/v2\/comments?post=11498"}],"wp:featuredmedia":[{"embeddable":true,"href":"https:\/\/www.dressupyourpup.com\/sv\/wp-json\/wp\/v2\/media\/11428"}],"wp:attachment":[{"href":"https:\/\/www.dressupyourpup.com\/sv\/wp-json\/wp\/v2\/media?parent=11498"}],"wp:term":[{"taxonomy":"product_brand","embeddable":true,"href":"https:\/\/www.dressupyourpup.com\/sv\/wp-json\/wp\/v2\/product_brand?post=11498"},{"taxonomy":"product_cat","embeddable":true,"href":"https:\/\/www.dressupyourpup.com\/sv\/wp-json\/wp\/v2\/product_cat?post=11498"},{"taxonomy":"product_tag","embeddable":true,"href":"https:\/\/www.dressupyourpup.com\/sv\/wp-json\/wp\/v2\/product_tag?post=11498"},{"taxonomy":"woo-feed-brand","embeddable":true,"href":"https:\/\/www.dressupyourpup.com\/sv\/wp-json\/wp\/v2\/woo-feed-brand?post=11498"}],"curies":[{"name":"wp","href":"https:\/\/api.w.org\/{rel}","templated":true}]}}