{"id":11528,"date":"2023-03-20T16:58:20","date_gmt":"2023-03-20T20:58:20","guid":{"rendered":"https:\/\/matthewm364.sg-host.com\/dressupyourpup.com\/?post_type=product&#038;p=11528"},"modified":"2025-11-25T19:15:12","modified_gmt":"2025-11-26T00:15:12","slug":"kansas-city-chiefs-hundhalsband","status":"publish","type":"product","link":"https:\/\/www.dressupyourpup.com\/sv\/shop\/dog-collars\/team-spirit\/nfl-team-spirit\/kansas-city-chiefs-dog-collar\/","title":{"rendered":"Kansas City Chiefs hundhalsband"},"content":{"rendered":"<p>Ta din lurviga v\u00e4ns k\u00e4rlek till Kansas City Chiefs till n\u00e4sta niv\u00e5 med detta snygga Kansas City Chiefs-hundhalsband. Tillverkad med kraftiga polypropenv\u00e4v och prydd med ett elegant m\u00f6nster av Chiefs bomullstyg, denna krage \u00e4r byggd f\u00f6r att h\u00e5lla genom lektid och \u00e4ventyr. Det 1-tums nickelpl\u00e4terade kontursp\u00e4nnet ger en s\u00e4ker passform, vilket s\u00e4kerst\u00e4ller att din valp alltid \u00e4r s\u00e4ker och bekv\u00e4m. Visa upp din laganda med detta m\u00e5ste-tillbeh\u00f6r f\u00f6r alla Chiefs-fans och deras fyrbenta f\u00f6ljeslagare. N\u00e4r allt kommer omkring vill du inte att folk ska tro att din hund \u00e4r en <a href=\"https:\/\/www.dressupyourpup.com\/sv\/produkt\/san-francisco-49ers-hundhalsband\/\">San Francisco 49ers<\/a> fan, g\u00f6r du? Kragen \u00e4r gjord med 1-tums kraftiga polypropenband och all metallbeslag inklusive:<\/p>\n<ul>\n<li>1-tums nickelpl\u00e4terade sp\u00e4nnen som \u00e4r utformade f\u00f6r maximal komfort f\u00f6r din valp<\/li>\n<li>1-tums tunga svetsade d-ringar att f\u00e4sta ditt koppel p\u00e5<\/li>\n<li>1-tums metall med bred mun, rundade tri-glide reglage f\u00f6r att enkelt justera storleken p\u00e5 kragen<\/li>\n<\/ul>\n<p><b>Ansvarsfriskrivning: V\u00e5ra handgjorda kragar \u00e4r inte licensierade produkter fr\u00e5n <a href=\"https:\/\/www.nfl.com\/\" target=\"_blank\" rel=\"noopener\">NFL<\/a>. Vi \u00e4r inte anslutna till eller sponsrade av\u00a0<a href=\"https:\/\/www.nfl.com\/\" target=\"_blank\" rel=\"noopener noreferrer\">NFL<\/a><\/b><\/p>","protected":false},"excerpt":{"rendered":"<p>Take your furry friend\u2019s love for the Kansas City Chiefs to the next level with this stylish Kansas City Chiefs dog collar. Made with heavy-duty polypropylene webbing and adorned with a stylish pattern of the Chiefs\u2019 cotton fabric, this collar is built to last through playtime and adventure. The 1-inch nickel-plated contoured buckle provides a [&hellip;]<\/p>\n","protected":false},"featured_media":11562,"comment_status":"open","ping_status":"closed","template":"","meta":{"_acf_changed":false,"site-sidebar-layout":"default","site-content-layout":"default","ast-site-content-layout":"default","site-content-style":"default","site-sidebar-style":"default","ast-global-header-display":"","ast-banner-title-visibility":"","ast-main-header-display":"","ast-hfb-above-header-display":"","ast-hfb-below-header-display":"","ast-hfb-mobile-header-display":"","site-post-title":"","ast-breadcrumbs-content":"","ast-featured-img":"","footer-sml-layout":"","ast-disable-related-posts":"","theme-transparent-header-meta":"default","adv-header-id-meta":"","stick-header-meta":"default","header-above-stick-meta":"","header-main-stick-meta":"","header-below-stick-meta":"","astra-migrate-meta-layouts":"set","ast-page-background-enabled":"default","ast-page-background-meta":{"desktop":{"background-color":"","background-image":"","background-repeat":"repeat","background-position":"center center","background-size":"auto","background-attachment":"scroll","background-type":"","background-media":"","overlay-type":"","overlay-color":"","overlay-opacity":"","overlay-gradient":""},"tablet":{"background-color":"","background-image":"","background-repeat":"repeat","background-position":"center center","background-size":"auto","background-attachment":"scroll","background-type":"","background-media":"","overlay-type":"","overlay-color":"","overlay-opacity":"","overlay-gradient":""},"mobile":{"background-color":"","background-image":"","background-repeat":"repeat","background-position":"center center","background-size":"auto","background-attachment":"scroll","background-type":"","background-media":"","overlay-type":"","overlay-color":"","overlay-opacity":"","overlay-gradient":""}},"ast-content-background-meta":{"desktop":{"background-color":"var(--ast-global-color-5)","background-image":"","background-repeat":"repeat","background-position":"center center","background-size":"auto","background-attachment":"scroll","background-type":"","background-media":"","overlay-type":"","overlay-color":"","overlay-opacity":"","overlay-gradient":""},"tablet":{"background-color":"var(--ast-global-color-5)","background-image":"","background-repeat":"repeat","background-position":"center center","background-size":"auto","background-attachment":"scroll","background-type":"","background-media":"","overlay-type":"","overlay-color":"","overlay-opacity":"","overlay-gradient":""},"mobile":{"background-color":"var(--ast-global-color-5)","background-image":"","background-repeat":"repeat","background-position":"center center","background-size":"auto","background-attachment":"scroll","background-type":"","background-media":"","overlay-type":"","overlay-color":"","overlay-opacity":"","overlay-gradient":""}}},"product_brand":[],"product_cat":[94,99],"product_tag":[],"woo-feed-brand":[],"class_list":{"0":"post-11528","1":"product","2":"type-product","3":"status-publish","4":"has-post-thumbnail","6":"product_cat-dog-collars","7":"product_cat-nfl-team-spirit","8":"product_shipping_class-products","9":"desktop-align-center","10":"tablet-align-center","11":"mobile-align-center","12":"ast-product-gallery-layout-horizontal","13":"ast-product-gallery-with-no-image","14":"ast-product-single-variable","15":"ast-product-tabs-layout-horizontal","16":"ast-qv-on-image","18":"first","19":"instock","20":"shipping-taxable","21":"purchasable","22":"product-type-variable"},"acf":[],"_links":{"self":[{"href":"https:\/\/www.dressupyourpup.com\/sv\/wp-json\/wp\/v2\/product\/11528","targetHints":{"allow":["GET"]}}],"collection":[{"href":"https:\/\/www.dressupyourpup.com\/sv\/wp-json\/wp\/v2\/product"}],"about":[{"href":"https:\/\/www.dressupyourpup.com\/sv\/wp-json\/wp\/v2\/types\/product"}],"replies":[{"embeddable":true,"href":"https:\/\/www.dressupyourpup.com\/sv\/wp-json\/wp\/v2\/comments?post=11528"}],"wp:featuredmedia":[{"embeddable":true,"href":"https:\/\/www.dressupyourpup.com\/sv\/wp-json\/wp\/v2\/media\/11562"}],"wp:attachment":[{"href":"https:\/\/www.dressupyourpup.com\/sv\/wp-json\/wp\/v2\/media?parent=11528"}],"wp:term":[{"taxonomy":"product_brand","embeddable":true,"href":"https:\/\/www.dressupyourpup.com\/sv\/wp-json\/wp\/v2\/product_brand?post=11528"},{"taxonomy":"product_cat","embeddable":true,"href":"https:\/\/www.dressupyourpup.com\/sv\/wp-json\/wp\/v2\/product_cat?post=11528"},{"taxonomy":"product_tag","embeddable":true,"href":"https:\/\/www.dressupyourpup.com\/sv\/wp-json\/wp\/v2\/product_tag?post=11528"},{"taxonomy":"woo-feed-brand","embeddable":true,"href":"https:\/\/www.dressupyourpup.com\/sv\/wp-json\/wp\/v2\/woo-feed-brand?post=11528"}],"curies":[{"name":"wp","href":"https:\/\/api.w.org\/{rel}","templated":true}]}}