{"id":11770,"date":"2023-05-20T13:52:43","date_gmt":"2023-05-20T17:52:43","guid":{"rendered":"https:\/\/matthewm364.sg-host.com\/dressupyourpup.com\/?post_type=product&#038;p=11770"},"modified":"2025-11-25T19:15:46","modified_gmt":"2025-11-26T00:15:46","slug":"chicago-tjurar-hund-bandana","status":"publish","type":"product","link":"https:\/\/www.dressupyourpup.com\/sv\/shop\/dog-bandanas\/team-spirit-dog-bandanas\/nba-dog-bandanas\/chicago-bulls-dog-bandana\/","title":{"rendered":"Chicago Bulls Dog Bandana"},"content":{"rendered":"<p>Det h\u00e4r \u00e4r Chicago Bulls hundbandana du har v\u00e4ntat p\u00e5!<\/p>\n<p>The Chicago Bulls are going for another NBA Championship! If you can\u2019t be at the United Center then you can cheer them on at home with your four-legged best friend. As DeMar DeRozan<span style=\"font-size: 16px;\">\u00a0leder Bulls mot slutspelet, se till att din valp \u00e4r kl\u00e4dd f\u00f6r tillf\u00e4llet med v\u00e5r vackra over-the-collar Chicago Bulls hundbandana! N\u00e4r allt kommer omkring vill du inte att folk ska tro att din hund \u00e4r en <\/span><a href=\"https:\/\/www.dressupyourpup.com\/sv\/butik\/hundbandanas\/hundbandanas-med-teamkansla\/new-orleans-pelikaner-hund-bandana\/\">New Orleans Pelicans<\/a><span style=\"font-size: 16px;\"> fan, g\u00f6r du?<\/span><\/p>\n<p>Om du vill g\u00f6ra den personlig kan du l\u00e4gga till din hunds namn l\u00e4ngs kanten av bandana.<\/p>\n<p><strong>Observera: om det v\u00e4ljs kommer din hunds namn att st\u00e5 p\u00e5 lagets utskriftssida, inte basketsidan.<\/strong><\/p>\n<h2 style=\"text-align: center;\">Sex sk\u00e4l att k\u00f6pa v\u00e5r Chicago Bulls Dog Bandana<\/h2>\n<ul>\n<li>V\u00e5r hundsn\u00e4sduk fr\u00e5n Chicago Bulls glider l\u00e4tt \u00f6ver halsbandet, du beh\u00f6ver inte oroa dig f\u00f6r att knyta den f\u00f6r h\u00e5rt eller f\u00f6r l\u00f6st runt din hunds hals<\/li>\n<li>V\u00e5ra Chicago Bulls-bandanas finns i storlekar fr\u00e5n extra liten till extra stor. S\u00e5 oavsett om du har en chihuahua eller en Grand Danois har vi en bandana som passar din valp<\/li>\n<li>Snusn\u00e4sduken \u00e4r gjord med gr\u00e4nssnitt s\u00e5 att den inte hopar sig och alltid ser fantastisk ut<\/li>\n<li>V\u00e5r bandana \u00e4r handgjord av f\u00f6rkrympt, maskintv\u00e4ttbart tyg. Du kan tv\u00e4tta den i din tv\u00e4ttmaskin och sedan l\u00e4gga den i torktumlaren och den \u00e4r redo att b\u00e4ras<\/li>\n<li>V\u00e5r bandana \u00e4r verkligen v\u00e4ndbar med ett lagtryck p\u00e5 ena sidan och ett baskettryck p\u00e5 baksidan s\u00e5 att du f\u00e5r tv\u00e5 bandanas till priset av en<\/li>\n<li>Du kan anpassa din Chicago Bulls-bandana med valpens namn p\u00e5<\/li>\n<\/ul>\n<p><b>Ansvarsfriskrivning: V\u00e5ra handgjorda bandanas \u00e4r inte licensierade produkter fr\u00e5n <a href=\"https:\/\/www.nba.com\/\" target=\"_blank\" rel=\"noopener noreferrer\">Nationella Basketf\u00f6rbundet<\/a>. Vi \u00e4r inte anslutna till eller sponsrade av <a href=\"https:\/\/www.nba.com\/\" target=\"_blank\" rel=\"noopener noreferrer\">Nationella Basketf\u00f6rbundet<\/a>.<\/b><\/p>","protected":false},"excerpt":{"rendered":"<p>This is the Chicago Bulls dog bandana you&#8217;ve been waiting for! The Chicago Bulls are going for another NBA Championship! If you can\u2019t be at the United Center then you can cheer them on at home with your four-legged best friend. As DeMar DeRozan\u00a0leads the Bulls towards the playoffs make sure your pup is dressed [&hellip;]<\/p>\n","protected":false},"featured_media":15294,"comment_status":"open","ping_status":"closed","template":"","meta":{"_acf_changed":false,"site-sidebar-layout":"default","site-content-layout":"default","ast-site-content-layout":"default","site-content-style":"default","site-sidebar-style":"default","ast-global-header-display":"","ast-banner-title-visibility":"","ast-main-header-display":"","ast-hfb-above-header-display":"","ast-hfb-below-header-display":"","ast-hfb-mobile-header-display":"","site-post-title":"","ast-breadcrumbs-content":"","ast-featured-img":"","footer-sml-layout":"","ast-disable-related-posts":"","theme-transparent-header-meta":"default","adv-header-id-meta":"","stick-header-meta":"default","header-above-stick-meta":"","header-main-stick-meta":"","header-below-stick-meta":"","astra-migrate-meta-layouts":"set","ast-page-background-enabled":"default","ast-page-background-meta":{"desktop":{"background-color":"","background-image":"","background-repeat":"repeat","background-position":"center center","background-size":"auto","background-attachment":"scroll","background-type":"","background-media":"","overlay-type":"","overlay-color":"","overlay-opacity":"","overlay-gradient":""},"tablet":{"background-color":"","background-image":"","background-repeat":"repeat","background-position":"center center","background-size":"auto","background-attachment":"scroll","background-type":"","background-media":"","overlay-type":"","overlay-color":"","overlay-opacity":"","overlay-gradient":""},"mobile":{"background-color":"","background-image":"","background-repeat":"repeat","background-position":"center center","background-size":"auto","background-attachment":"scroll","background-type":"","background-media":"","overlay-type":"","overlay-color":"","overlay-opacity":"","overlay-gradient":""}},"ast-content-background-meta":{"desktop":{"background-color":"var(--ast-global-color-5)","background-image":"","background-repeat":"repeat","background-position":"center center","background-size":"auto","background-attachment":"scroll","background-type":"","background-media":"","overlay-type":"","overlay-color":"","overlay-opacity":"","overlay-gradient":""},"tablet":{"background-color":"var(--ast-global-color-5)","background-image":"","background-repeat":"repeat","background-position":"center center","background-size":"auto","background-attachment":"scroll","background-type":"","background-media":"","overlay-type":"","overlay-color":"","overlay-opacity":"","overlay-gradient":""},"mobile":{"background-color":"var(--ast-global-color-5)","background-image":"","background-repeat":"repeat","background-position":"center center","background-size":"auto","background-attachment":"scroll","background-type":"","background-media":"","overlay-type":"","overlay-color":"","overlay-opacity":"","overlay-gradient":""}}},"product_brand":[],"product_cat":[41,62],"product_tag":[],"woo-feed-brand":[],"class_list":{"0":"post-11770","1":"product","2":"type-product","3":"status-publish","4":"has-post-thumbnail","6":"product_cat-team-spirit-dog-bandanas","7":"product_cat-nba-dog-bandanas","8":"product_shipping_class-bandana","9":"desktop-align-center","10":"tablet-align-center","11":"mobile-align-center","12":"ast-product-gallery-layout-horizontal","13":"ast-product-gallery-with-no-image","14":"ast-product-single-variable","15":"ast-product-tabs-layout-horizontal","16":"ast-qv-on-image","18":"first","19":"instock","20":"purchasable","21":"product-type-variable"},"acf":[],"_links":{"self":[{"href":"https:\/\/www.dressupyourpup.com\/sv\/wp-json\/wp\/v2\/product\/11770","targetHints":{"allow":["GET"]}}],"collection":[{"href":"https:\/\/www.dressupyourpup.com\/sv\/wp-json\/wp\/v2\/product"}],"about":[{"href":"https:\/\/www.dressupyourpup.com\/sv\/wp-json\/wp\/v2\/types\/product"}],"replies":[{"embeddable":true,"href":"https:\/\/www.dressupyourpup.com\/sv\/wp-json\/wp\/v2\/comments?post=11770"}],"wp:featuredmedia":[{"embeddable":true,"href":"https:\/\/www.dressupyourpup.com\/sv\/wp-json\/wp\/v2\/media\/15294"}],"wp:attachment":[{"href":"https:\/\/www.dressupyourpup.com\/sv\/wp-json\/wp\/v2\/media?parent=11770"}],"wp:term":[{"taxonomy":"product_brand","embeddable":true,"href":"https:\/\/www.dressupyourpup.com\/sv\/wp-json\/wp\/v2\/product_brand?post=11770"},{"taxonomy":"product_cat","embeddable":true,"href":"https:\/\/www.dressupyourpup.com\/sv\/wp-json\/wp\/v2\/product_cat?post=11770"},{"taxonomy":"product_tag","embeddable":true,"href":"https:\/\/www.dressupyourpup.com\/sv\/wp-json\/wp\/v2\/product_tag?post=11770"},{"taxonomy":"woo-feed-brand","embeddable":true,"href":"https:\/\/www.dressupyourpup.com\/sv\/wp-json\/wp\/v2\/woo-feed-brand?post=11770"}],"curies":[{"name":"wp","href":"https:\/\/api.w.org\/{rel}","templated":true}]}}