{"id":12211,"date":"2023-06-23T15:32:09","date_gmt":"2023-06-23T19:32:09","guid":{"rendered":"https:\/\/matthewm364.sg-host.com\/dressupyourpup.com\/?post_type=product&#038;p=12211"},"modified":"2025-11-25T19:19:35","modified_gmt":"2025-11-26T00:19:35","slug":"jeep-gra-pawssenger-hundbandana","status":"publish","type":"product","link":"https:\/\/www.dressupyourpup.com\/sv\/shop\/dog-bandanas\/pattern-dog-bandanas\/jeep-grey-pawssenger-dog-bandana\/","title":{"rendered":"Jeep Grey Pawssenger Dog Bandana"},"content":{"rendered":"<p>T\u00e4nd din valps \u00e4ventyrsanda med v\u00e5r Jeep Grey Pawssenger Hundbandana \u00f6ver halsbandet! Det h\u00e4r \u00e4r inte bara en bandana; det \u00e4r ett pass med all tillg\u00e5ng till sp\u00e4nningen p\u00e5 den \u00f6ppna v\u00e4gen och det vildas rop, designat exklusivt f\u00f6r din fyrbenta co-pilot.<\/p>\n<p>Ena sidan av denna robusta bandana har ett coolt gr\u00e5tt tryck, prickigt med ikoniska Jeep-emblem. Denna autentiska design \u00e4r en vink till sp\u00e4nningss\u00f6kare och uppt\u00e4cktsresande, vilket g\u00f6r din valp till tal om staden eller stigen, vart deras \u00e4ventyr \u00e4n leder dem!<\/p>\n<p>V\u00e4nd \u00f6ver till baksidan f\u00f6r att avsl\u00f6ja en solid, elegant svart bomull som stolt b\u00e4r det grafiska &quot;Jeep Life&quot;. Det h\u00e4r dj\u00e4rva uttalandet \u00e5terspeglar inte bara din egen k\u00e4rlek till jeepar, utan l\u00e4gger ocks\u00e5 till en skv\u00e4tt svindlande till ditt husdjurs \u00e4ventyrliga anda.<\/p>\n<p>V\u00e5r Jeep Grey Pawssenger-bandana \u00e4r designad att glida s\u00f6ml\u00f6st \u00f6ver din hunds halsband och erbjuder en s\u00e4ker och bekv\u00e4m passform. Tillverkad av h\u00e5llbara, h\u00f6gkvalitativa material, \u00e4r denna bandana redo att uth\u00e4rda det tuffa och tuffa, precis som din Jeep.<\/p>\n<p>Ge dig ut p\u00e5 v\u00e4gen med Jeep Grey Pawssenger Over-the-Collar Dog Bandana idag! L\u00e5t din lurviga f\u00f6ljeslagare stoltsera med sin \u00e4ventyrliga sida och g\u00e5 med i Jeep Life!<\/p>\n<p>\u00c4ven om v\u00e5r bandana kan ge din valp en smak av Jeep Life, ger den dem faktiskt inte k\u00f6rr\u00e4ttigheter eller f\u00f6rm\u00e5gan att navigera i terr\u00e4ng i terr\u00e4ng.<\/p>","protected":false},"excerpt":{"rendered":"<p>Ignite your pup&#8217;s spirit of adventure with our Jeep Grey Pawssenger Over-the-Collar Dog Bandana! This isn&#8217;t just a bandana; it&#8217;s an all-access pass to the thrill of the open road and the call of the wild, designed exclusively for your four-legged co-pilot. One side of this rugged bandana features a cool grey print, speckled with [&hellip;]<\/p>\n","protected":false},"featured_media":11669,"comment_status":"open","ping_status":"closed","template":"","meta":{"_acf_changed":false,"site-sidebar-layout":"default","site-content-layout":"default","ast-site-content-layout":"default","site-content-style":"default","site-sidebar-style":"default","ast-global-header-display":"","ast-banner-title-visibility":"","ast-main-header-display":"","ast-hfb-above-header-display":"","ast-hfb-below-header-display":"","ast-hfb-mobile-header-display":"","site-post-title":"","ast-breadcrumbs-content":"","ast-featured-img":"","footer-sml-layout":"","ast-disable-related-posts":"","theme-transparent-header-meta":"default","adv-header-id-meta":"","stick-header-meta":"default","header-above-stick-meta":"","header-main-stick-meta":"","header-below-stick-meta":"","astra-migrate-meta-layouts":"default","ast-page-background-enabled":"default","ast-page-background-meta":{"desktop":{"background-color":"","background-image":"","background-repeat":"repeat","background-position":"center center","background-size":"auto","background-attachment":"scroll","background-type":"","background-media":"","overlay-type":"","overlay-color":"","overlay-opacity":"","overlay-gradient":""},"tablet":{"background-color":"","background-image":"","background-repeat":"repeat","background-position":"center center","background-size":"auto","background-attachment":"scroll","background-type":"","background-media":"","overlay-type":"","overlay-color":"","overlay-opacity":"","overlay-gradient":""},"mobile":{"background-color":"","background-image":"","background-repeat":"repeat","background-position":"center center","background-size":"auto","background-attachment":"scroll","background-type":"","background-media":"","overlay-type":"","overlay-color":"","overlay-opacity":"","overlay-gradient":""}},"ast-content-background-meta":{"desktop":{"background-color":"var(--ast-global-color-5)","background-image":"","background-repeat":"repeat","background-position":"center center","background-size":"auto","background-attachment":"scroll","background-type":"","background-media":"","overlay-type":"","overlay-color":"","overlay-opacity":"","overlay-gradient":""},"tablet":{"background-color":"var(--ast-global-color-5)","background-image":"","background-repeat":"repeat","background-position":"center center","background-size":"auto","background-attachment":"scroll","background-type":"","background-media":"","overlay-type":"","overlay-color":"","overlay-opacity":"","overlay-gradient":""},"mobile":{"background-color":"var(--ast-global-color-5)","background-image":"","background-repeat":"repeat","background-position":"center center","background-size":"auto","background-attachment":"scroll","background-type":"","background-media":"","overlay-type":"","overlay-color":"","overlay-opacity":"","overlay-gradient":""}}},"product_brand":[],"product_cat":[36],"product_tag":[],"woo-feed-brand":[],"class_list":{"0":"post-12211","1":"product","2":"type-product","3":"status-publish","4":"has-post-thumbnail","6":"product_cat-pattern-dog-bandanas","7":"product_shipping_class-bandana","8":"desktop-align-center","9":"tablet-align-center","10":"mobile-align-center","11":"ast-product-gallery-layout-horizontal","12":"ast-product-gallery-with-no-image","13":"ast-product-single-variable","14":"ast-product-tabs-layout-horizontal","15":"ast-qv-on-image","17":"first","18":"instock","19":"shipping-taxable","20":"purchasable","21":"product-type-variable"},"acf":[],"_links":{"self":[{"href":"https:\/\/www.dressupyourpup.com\/sv\/wp-json\/wp\/v2\/product\/12211","targetHints":{"allow":["GET"]}}],"collection":[{"href":"https:\/\/www.dressupyourpup.com\/sv\/wp-json\/wp\/v2\/product"}],"about":[{"href":"https:\/\/www.dressupyourpup.com\/sv\/wp-json\/wp\/v2\/types\/product"}],"replies":[{"embeddable":true,"href":"https:\/\/www.dressupyourpup.com\/sv\/wp-json\/wp\/v2\/comments?post=12211"}],"wp:featuredmedia":[{"embeddable":true,"href":"https:\/\/www.dressupyourpup.com\/sv\/wp-json\/wp\/v2\/media\/11669"}],"wp:attachment":[{"href":"https:\/\/www.dressupyourpup.com\/sv\/wp-json\/wp\/v2\/media?parent=12211"}],"wp:term":[{"taxonomy":"product_brand","embeddable":true,"href":"https:\/\/www.dressupyourpup.com\/sv\/wp-json\/wp\/v2\/product_brand?post=12211"},{"taxonomy":"product_cat","embeddable":true,"href":"https:\/\/www.dressupyourpup.com\/sv\/wp-json\/wp\/v2\/product_cat?post=12211"},{"taxonomy":"product_tag","embeddable":true,"href":"https:\/\/www.dressupyourpup.com\/sv\/wp-json\/wp\/v2\/product_tag?post=12211"},{"taxonomy":"woo-feed-brand","embeddable":true,"href":"https:\/\/www.dressupyourpup.com\/sv\/wp-json\/wp\/v2\/woo-feed-brand?post=12211"}],"curies":[{"name":"wp","href":"https:\/\/api.w.org\/{rel}","templated":true}]}}