{"id":12258,"date":"2023-06-23T16:23:36","date_gmt":"2023-06-23T20:23:36","guid":{"rendered":"https:\/\/matthewm364.sg-host.com\/dressupyourpup.com\/?post_type=product&#038;p=12258"},"modified":"2025-11-25T19:20:45","modified_gmt":"2025-11-26T00:20:45","slug":"vandbar-dallas-cowboys-bandana-2","status":"publish","type":"product","link":"https:\/\/www.dressupyourpup.com\/sv\/shop\/dog-bandanas\/team-spirit-dog-bandanas\/nfl\/dallas-cowboys-pink-dog-bandana\/","title":{"rendered":"Dallas Cowboys Pink Dog Bandana"},"content":{"rendered":"<p>This is the Troy Aikman of Dallas Cowboys Pink dog bandanas, not that pretty boy Tony Romo, like everyone else&#8217;s bandanas.<\/p>\n<p>Does your pup bark with excitement every time America&#8217;s Team scores a touchdown? Does your four-legged best friend wag his tail every time you talk about Super Bowl XXX? When the Cowboys take the field, you&#8217;re wearing the silver and blue and your dog is right beside you for every minute. Now you can dress up your pup in our beautiful reversible over the collar Dallas Cowboys Pink dog bandana! You will have a smile as big as Texas when you see your dog in our beautiful bandana with a football print on the reverse, that&#8217;s two bandanas for the price of one! After all, you don&#8217;t want people thinking your dog is a <a href=\"https:\/\/www.dressupyourpup.com\/sv\/produkt\/vandbar-new-york-giants-bandana\/\">New York Giants<\/a> fan, g\u00f6r du?<\/p>\n<p>Om du vill g\u00f6ra den personlig kan du l\u00e4gga till din hunds namn l\u00e4ngs kanten av bandana.<\/p>\n<p><strong>Observera: om det v\u00e4ljs kommer din hunds namn att st\u00e5 p\u00e5 lagets trycksida, inte p\u00e5 den allm\u00e4nna fotbollssidan.<\/strong><\/p>\n<h2 style=\"text-align: center;\">Six Reasons to Buy Our Dallas Cowboys Pink Dog Bandana<\/h2>\n<ul>\n<li>Our Dallas Cowboys Pink dog bandana will easily slip over the collar. You don&#8217;t have to worry about tying it too tight or too loose around your dog&#8217;s neck<\/li>\n<li>Our Dallas Cowboys Pink bandanas come in sizes from extra-small to extra-large. So whether you have a chihuahua or a great dane, we have a bandana that will fit your pup<\/li>\n<li>Snusn\u00e4sduken \u00e4r gjord med gr\u00e4nssnitt s\u00e5 att den inte hopar sig och alltid ser fantastisk ut<\/li>\n<li>V\u00e5r bandana \u00e4r handgjord av f\u00f6rkrympt, maskintv\u00e4ttbart tyg s\u00e5 att du kan tv\u00e4tta den i din tv\u00e4ttmaskin och sedan l\u00e4gga den i torktumlaren och den \u00e4r klar att b\u00e4ras<\/li>\n<li>V\u00e5r bandana \u00e4r verkligen v\u00e4ndbar med ett tryck p\u00e5 ena sidan och ett fotbollstryck p\u00e5 baksidan s\u00e5 att du f\u00e5r tv\u00e5 bandanas till priset av en<\/li>\n<li>You can customize your Dallas Cowboys Pink dog bandana with your pup&#8217;s name on it<\/li>\n<\/ul>\n<p><b>Ansvarsfriskrivning: V\u00e5ra handgjorda bandanas \u00e4r inte licensierade produkter fr\u00e5n\u00a0<a href=\"https:\/\/www.nfl.com\/\" target=\"_blank\" rel=\"noopener noreferrer\">National Football League<\/a>. Vi \u00e4r inte anslutna till eller sponsrade av\u00a0<a href=\"https:\/\/www.nfl.com\/\" target=\"_blank\" rel=\"noopener noreferrer\">National Football League<\/a>.<\/b><\/p>","protected":false},"excerpt":{"rendered":"<p>This is the Troy Aikman of Dallas Cowboys Pink dog bandanas, not that pretty boy Tony Romo, like everyone else&#8217;s bandanas. Does your pup bark with excitement every time America&#8217;s Team scores a touchdown? Does your four-legged best friend wag his tail every time you talk about Super Bowl XXX? When the Cowboys take the [&hellip;]<\/p>\n","protected":false},"featured_media":11974,"comment_status":"open","ping_status":"closed","template":"","meta":{"_acf_changed":false,"site-sidebar-layout":"default","site-content-layout":"default","ast-site-content-layout":"default","site-content-style":"default","site-sidebar-style":"default","ast-global-header-display":"","ast-banner-title-visibility":"","ast-main-header-display":"","ast-hfb-above-header-display":"","ast-hfb-below-header-display":"","ast-hfb-mobile-header-display":"","site-post-title":"","ast-breadcrumbs-content":"","ast-featured-img":"","footer-sml-layout":"","ast-disable-related-posts":"","theme-transparent-header-meta":"default","adv-header-id-meta":"","stick-header-meta":"default","header-above-stick-meta":"","header-main-stick-meta":"","header-below-stick-meta":"","astra-migrate-meta-layouts":"default","ast-page-background-enabled":"default","ast-page-background-meta":{"desktop":{"background-color":"","background-image":"","background-repeat":"repeat","background-position":"center center","background-size":"auto","background-attachment":"scroll","background-type":"","background-media":"","overlay-type":"","overlay-color":"","overlay-opacity":"","overlay-gradient":""},"tablet":{"background-color":"","background-image":"","background-repeat":"repeat","background-position":"center center","background-size":"auto","background-attachment":"scroll","background-type":"","background-media":"","overlay-type":"","overlay-color":"","overlay-opacity":"","overlay-gradient":""},"mobile":{"background-color":"","background-image":"","background-repeat":"repeat","background-position":"center center","background-size":"auto","background-attachment":"scroll","background-type":"","background-media":"","overlay-type":"","overlay-color":"","overlay-opacity":"","overlay-gradient":""}},"ast-content-background-meta":{"desktop":{"background-color":"var(--ast-global-color-5)","background-image":"","background-repeat":"repeat","background-position":"center center","background-size":"auto","background-attachment":"scroll","background-type":"","background-media":"","overlay-type":"","overlay-color":"","overlay-opacity":"","overlay-gradient":""},"tablet":{"background-color":"var(--ast-global-color-5)","background-image":"","background-repeat":"repeat","background-position":"center center","background-size":"auto","background-attachment":"scroll","background-type":"","background-media":"","overlay-type":"","overlay-color":"","overlay-opacity":"","overlay-gradient":""},"mobile":{"background-color":"var(--ast-global-color-5)","background-image":"","background-repeat":"repeat","background-position":"center center","background-size":"auto","background-attachment":"scroll","background-type":"","background-media":"","overlay-type":"","overlay-color":"","overlay-opacity":"","overlay-gradient":""}}},"product_brand":[],"product_cat":[41,42],"product_tag":[],"woo-feed-brand":[],"class_list":{"0":"post-12258","1":"product","2":"type-product","3":"status-publish","4":"has-post-thumbnail","6":"product_cat-team-spirit-dog-bandanas","7":"product_cat-nfl","8":"product_shipping_class-bandana","9":"desktop-align-center","10":"tablet-align-center","11":"mobile-align-center","12":"ast-product-gallery-layout-horizontal","13":"ast-product-gallery-with-no-image","14":"ast-product-single-variable","15":"ast-product-tabs-layout-horizontal","16":"ast-qv-on-image","18":"first","19":"instock","20":"purchasable","21":"product-type-variable"},"acf":[],"_links":{"self":[{"href":"https:\/\/www.dressupyourpup.com\/sv\/wp-json\/wp\/v2\/product\/12258","targetHints":{"allow":["GET"]}}],"collection":[{"href":"https:\/\/www.dressupyourpup.com\/sv\/wp-json\/wp\/v2\/product"}],"about":[{"href":"https:\/\/www.dressupyourpup.com\/sv\/wp-json\/wp\/v2\/types\/product"}],"replies":[{"embeddable":true,"href":"https:\/\/www.dressupyourpup.com\/sv\/wp-json\/wp\/v2\/comments?post=12258"}],"wp:featuredmedia":[{"embeddable":true,"href":"https:\/\/www.dressupyourpup.com\/sv\/wp-json\/wp\/v2\/media\/11974"}],"wp:attachment":[{"href":"https:\/\/www.dressupyourpup.com\/sv\/wp-json\/wp\/v2\/media?parent=12258"}],"wp:term":[{"taxonomy":"product_brand","embeddable":true,"href":"https:\/\/www.dressupyourpup.com\/sv\/wp-json\/wp\/v2\/product_brand?post=12258"},{"taxonomy":"product_cat","embeddable":true,"href":"https:\/\/www.dressupyourpup.com\/sv\/wp-json\/wp\/v2\/product_cat?post=12258"},{"taxonomy":"product_tag","embeddable":true,"href":"https:\/\/www.dressupyourpup.com\/sv\/wp-json\/wp\/v2\/product_tag?post=12258"},{"taxonomy":"woo-feed-brand","embeddable":true,"href":"https:\/\/www.dressupyourpup.com\/sv\/wp-json\/wp\/v2\/woo-feed-brand?post=12258"}],"curies":[{"name":"wp","href":"https:\/\/api.w.org\/{rel}","templated":true}]}}