{"id":14739,"date":"2024-12-21T22:27:39","date_gmt":"2024-12-22T03:27:39","guid":{"rendered":"https:\/\/matthewm364.sg-host.com\/dressupyourpup.com\/?post_type=product&#038;p=14739"},"modified":"2025-11-25T19:26:27","modified_gmt":"2025-11-26T00:26:27","slug":"brooklyn-nets-dog-collar","status":"publish","type":"product","link":"https:\/\/www.dressupyourpup.com\/sv\/shop\/dog-collars\/team-spirit\/nba\/brooklyn-nets-dog-collar\/","title":{"rendered":"Brooklyn Nets Dog Collar"},"content":{"rendered":"<p>Let your dog represent Brooklyn with this sleek Brooklyn Nets dog collar! Built with sturdy polypropylene webbing and featuring a stylish Nets-themed cotton fabric, this collar is designed for durability and flair. After all, you don&#8217;t want people thinking your dog is a <a href=\"https:\/\/www.dressupyourpup.com\/sv\/butik\/hundhalsband\/laganda\/nba\/philadelphia-76ers-dog-collar\/\">Philadelphia 76ers<\/a> fan do you? The 1-inch zinc-alloy contoured buckle ensures a comfortable and secure fit, making it ideal for walks, playtime, and game-day get-togethers. This collar is a perfect accessory for any Nets fan and their loyal companion!<\/p>\n<p>The collar includes:<\/p>\n<ul>\n<li><strong>1-inch zinc-alloy contoured buckle<\/strong> for a secure and comfortable fit.<\/li>\n<li><strong>1-inch heavy-duty welded D-rings<\/strong> for dependable leash attachment.<\/li>\n<li><strong>1-tums rundade triglide reglage med bred mun i metall<\/strong> for easy size adjustments.<\/li>\n<\/ul>\n<p><b>Ansvarsfriskrivning: V\u00e5ra handgjorda kragar \u00e4r inte licensierade produkter fr\u00e5n <a href=\"https:\/\/www.nba.com\/\" target=\"_blank\" rel=\"noopener\">NBA<\/a>. Vi \u00e4r inte anslutna till eller sponsrade av <a href=\"https:\/\/www.nba.com\/\" target=\"_blank\" rel=\"noopener\">NBA<\/a><\/b><\/p>","protected":false},"excerpt":{"rendered":"<p>Let your dog represent Brooklyn with this sleek Brooklyn Nets dog collar! Built with sturdy polypropylene webbing and featuring a stylish Nets-themed cotton fabric, this collar is designed for durability and flair. After all, you don&#8217;t want people thinking your dog is a Philadelphia 76ers fan do you? The 1-inch zinc-alloy contoured buckle ensures a [&hellip;]<\/p>\n","protected":false},"featured_media":14715,"comment_status":"open","ping_status":"closed","template":"","meta":{"_acf_changed":false,"site-sidebar-layout":"default","site-content-layout":"default","ast-site-content-layout":"default","site-content-style":"default","site-sidebar-style":"default","ast-global-header-display":"","ast-banner-title-visibility":"","ast-main-header-display":"","ast-hfb-above-header-display":"","ast-hfb-below-header-display":"","ast-hfb-mobile-header-display":"","site-post-title":"","ast-breadcrumbs-content":"","ast-featured-img":"","footer-sml-layout":"","ast-disable-related-posts":"","theme-transparent-header-meta":"default","adv-header-id-meta":"","stick-header-meta":"default","header-above-stick-meta":"","header-main-stick-meta":"","header-below-stick-meta":"","astra-migrate-meta-layouts":"set","ast-page-background-enabled":"default","ast-page-background-meta":{"desktop":{"background-color":"","background-image":"","background-repeat":"repeat","background-position":"center center","background-size":"auto","background-attachment":"scroll","background-type":"","background-media":"","overlay-type":"","overlay-color":"","overlay-opacity":"","overlay-gradient":""},"tablet":{"background-color":"","background-image":"","background-repeat":"repeat","background-position":"center center","background-size":"auto","background-attachment":"scroll","background-type":"","background-media":"","overlay-type":"","overlay-color":"","overlay-opacity":"","overlay-gradient":""},"mobile":{"background-color":"","background-image":"","background-repeat":"repeat","background-position":"center center","background-size":"auto","background-attachment":"scroll","background-type":"","background-media":"","overlay-type":"","overlay-color":"","overlay-opacity":"","overlay-gradient":""}},"ast-content-background-meta":{"desktop":{"background-color":"var(--ast-global-color-5)","background-image":"","background-repeat":"repeat","background-position":"center center","background-size":"auto","background-attachment":"scroll","background-type":"","background-media":"","overlay-type":"","overlay-color":"","overlay-opacity":"","overlay-gradient":""},"tablet":{"background-color":"var(--ast-global-color-5)","background-image":"","background-repeat":"repeat","background-position":"center center","background-size":"auto","background-attachment":"scroll","background-type":"","background-media":"","overlay-type":"","overlay-color":"","overlay-opacity":"","overlay-gradient":""},"mobile":{"background-color":"var(--ast-global-color-5)","background-image":"","background-repeat":"repeat","background-position":"center center","background-size":"auto","background-attachment":"scroll","background-type":"","background-media":"","overlay-type":"","overlay-color":"","overlay-opacity":"","overlay-gradient":""}}},"product_brand":[],"product_cat":[94,392],"product_tag":[],"woo-feed-brand":[],"class_list":{"0":"post-14739","1":"product","2":"type-product","3":"status-publish","4":"has-post-thumbnail","6":"product_cat-dog-collars","7":"product_cat-nba","8":"product_shipping_class-products","9":"desktop-align-center","10":"tablet-align-center","11":"mobile-align-center","12":"ast-product-gallery-layout-horizontal","13":"ast-product-gallery-with-no-image","14":"ast-product-single-variable","15":"ast-product-tabs-layout-horizontal","16":"ast-qv-on-image","18":"first","19":"instock","20":"shipping-taxable","21":"purchasable","22":"product-type-variable"},"acf":[],"_links":{"self":[{"href":"https:\/\/www.dressupyourpup.com\/sv\/wp-json\/wp\/v2\/product\/14739","targetHints":{"allow":["GET"]}}],"collection":[{"href":"https:\/\/www.dressupyourpup.com\/sv\/wp-json\/wp\/v2\/product"}],"about":[{"href":"https:\/\/www.dressupyourpup.com\/sv\/wp-json\/wp\/v2\/types\/product"}],"replies":[{"embeddable":true,"href":"https:\/\/www.dressupyourpup.com\/sv\/wp-json\/wp\/v2\/comments?post=14739"}],"wp:featuredmedia":[{"embeddable":true,"href":"https:\/\/www.dressupyourpup.com\/sv\/wp-json\/wp\/v2\/media\/14715"}],"wp:attachment":[{"href":"https:\/\/www.dressupyourpup.com\/sv\/wp-json\/wp\/v2\/media?parent=14739"}],"wp:term":[{"taxonomy":"product_brand","embeddable":true,"href":"https:\/\/www.dressupyourpup.com\/sv\/wp-json\/wp\/v2\/product_brand?post=14739"},{"taxonomy":"product_cat","embeddable":true,"href":"https:\/\/www.dressupyourpup.com\/sv\/wp-json\/wp\/v2\/product_cat?post=14739"},{"taxonomy":"product_tag","embeddable":true,"href":"https:\/\/www.dressupyourpup.com\/sv\/wp-json\/wp\/v2\/product_tag?post=14739"},{"taxonomy":"woo-feed-brand","embeddable":true,"href":"https:\/\/www.dressupyourpup.com\/sv\/wp-json\/wp\/v2\/woo-feed-brand?post=14739"}],"curies":[{"name":"wp","href":"https:\/\/api.w.org\/{rel}","templated":true}]}}