{"id":3263,"date":"2019-10-13T15:27:41","date_gmt":"2019-10-13T15:27:41","guid":{"rendered":"http:\/\/s903023292.onlinehome.us\/dressupyourpup.com\/?post_type=product&#038;p=3263"},"modified":"2025-11-25T18:32:58","modified_gmt":"2025-11-25T23:32:58","slug":"vandbar-vancouver-canucks-dog-bandana","status":"publish","type":"product","link":"https:\/\/www.dressupyourpup.com\/sv\/shop\/dog-bandanas\/team-spirit-dog-bandanas\/nhl-dog-bandanas\/reversible-vancouver-canucks-dog-bandana\/","title":{"rendered":"Vancouver Canucks Dog Bandana"},"content":{"rendered":"<p>Detta \u00e4r den v\u00e4ndbara Vancouver Canucks hundbandana som din valp har letat efter!<\/p>\n<p>Vancouver Canucks f\u00f6rs\u00f6ker n\u00e5 sin f\u00f6rsta Stanley Cup-final sedan 2011 och om du inte kan vara p\u00e5 Rogers Arena s\u00e5 kan du heja fram dem hemma med din fyrbenta b\u00e4sta v\u00e4n. N\u00e4r Bo Horvat leder Canucks mot slutspelet, se till att din valp \u00e4r kl\u00e4dd f\u00f6r tillf\u00e4llet med v\u00e5r vackra Vancouver Canucks hundbandana \u00f6ver halsbandet! N\u00e4r allt kommer omkring vill du inte att folk ska tro att din hund \u00e4r en <a href=\"https:\/\/www.dressupyourpup.com\/sv\/produkt\/vandbar-edmonton-oilers-hundsnusnasduk\/\">Edmonton Oilers<\/a>\u00a0fan, g\u00f6r du?<\/p>\n<p>Om du vill g\u00f6ra den personlig kan du l\u00e4gga till din hunds namn l\u00e4ngs kanten av bandana.<\/p>\n<p><strong>Observera: om det v\u00e4ljs kommer din hunds namn att st\u00e5 p\u00e5 trycksidan, inte p\u00e5 den grafiska sidan.<\/strong><\/p>\n<h2 class=\"elementor-heading-title elementor-size-default\" style=\"text-align: center;\">Fem sk\u00e4l att k\u00f6pa v\u00e5r Vancouver Canucks Dog Bandana<\/h2>\n<ul>\n<li>V\u00e5r Vancouver Canucks-bandana glider l\u00e4tt \u00f6ver kragen, utan att knytas runt din valps hals<\/li>\n<li>Snusn\u00e4sduken \u00e4r gjord med gr\u00e4nssnitt s\u00e5 att den inte hopar sig och alltid ser fantastisk ut<\/li>\n<li>V\u00e5r bandana \u00e4r handgjord av f\u00f6rkrympt, maskintv\u00e4ttbart tyg s\u00e5 de \u00e4r l\u00e4tta att tv\u00e4tta, torka och b\u00e4ra<\/li>\n<li>V\u00e5r bandana \u00e4r verkligen v\u00e4ndbar med ett m\u00f6nster p\u00e5 ena sidan och en f\u00f6rdesignad grafik p\u00e5 den andra s\u00e5 att du f\u00e5r tv\u00e5 bandanas till priset av en<\/li>\n<li>Du kan anpassa bandanan med din valps namn p\u00e5 den<\/li>\n<\/ul>\n<p><b>Ansvarsfriskrivning: V\u00e5ra handgjorda bandanas \u00e4r inte licensierade produkter fr\u00e5n\u00a0<a href=\"https:\/\/www.nhl.com\/\" target=\"_blank\" rel=\"noopener noreferrer\">National Hockey League<\/a>. Vi \u00e4r inte anslutna till eller sponsrade av\u00a0<a href=\"https:\/\/www.nhl.com\/\" target=\"_blank\" rel=\"noopener noreferrer\">National Hockey League<\/a>.<\/b><\/p>","protected":false},"excerpt":{"rendered":"<p>This is the reversible Vancouver Canucks dog bandana that your pup has been looking for! The Vancouver Canucks are trying to reach their first Stanley Cup final since 2011 and if you can\u2019t be at the Rogers Arena then you can cheer them on at home with your four-legged best friend. As Bo Horvat leads [&hellip;]<\/p>\n","protected":false},"featured_media":4195,"comment_status":"open","ping_status":"closed","template":"","meta":{"_acf_changed":false,"site-sidebar-layout":"default","site-content-layout":"default","ast-site-content-layout":"default","site-content-style":"default","site-sidebar-style":"default","ast-global-header-display":"","ast-banner-title-visibility":"","ast-main-header-display":"","ast-hfb-above-header-display":"","ast-hfb-below-header-display":"","ast-hfb-mobile-header-display":"","site-post-title":"","ast-breadcrumbs-content":"","ast-featured-img":"","footer-sml-layout":"","ast-disable-related-posts":"","theme-transparent-header-meta":"default","adv-header-id-meta":"","stick-header-meta":"default","header-above-stick-meta":"","header-main-stick-meta":"","header-below-stick-meta":"","astra-migrate-meta-layouts":"set","ast-page-background-enabled":"default","ast-page-background-meta":{"desktop":{"background-color":"","background-image":"","background-repeat":"repeat","background-position":"center center","background-size":"auto","background-attachment":"scroll","background-type":"","background-media":"","overlay-type":"","overlay-color":"","overlay-opacity":"","overlay-gradient":""},"tablet":{"background-color":"","background-image":"","background-repeat":"repeat","background-position":"center center","background-size":"auto","background-attachment":"scroll","background-type":"","background-media":"","overlay-type":"","overlay-color":"","overlay-opacity":"","overlay-gradient":""},"mobile":{"background-color":"","background-image":"","background-repeat":"repeat","background-position":"center center","background-size":"auto","background-attachment":"scroll","background-type":"","background-media":"","overlay-type":"","overlay-color":"","overlay-opacity":"","overlay-gradient":""}},"ast-content-background-meta":{"desktop":{"background-color":"var(--ast-global-color-5)","background-image":"","background-repeat":"repeat","background-position":"center center","background-size":"auto","background-attachment":"scroll","background-type":"","background-media":"","overlay-type":"","overlay-color":"","overlay-opacity":"","overlay-gradient":""},"tablet":{"background-color":"var(--ast-global-color-5)","background-image":"","background-repeat":"repeat","background-position":"center center","background-size":"auto","background-attachment":"scroll","background-type":"","background-media":"","overlay-type":"","overlay-color":"","overlay-opacity":"","overlay-gradient":""},"mobile":{"background-color":"var(--ast-global-color-5)","background-image":"","background-repeat":"repeat","background-position":"center center","background-size":"auto","background-attachment":"scroll","background-type":"","background-media":"","overlay-type":"","overlay-color":"","overlay-opacity":"","overlay-gradient":""}}},"product_brand":[],"product_cat":[41,46],"product_tag":[],"woo-feed-brand":[],"class_list":{"0":"post-3263","1":"product","2":"type-product","3":"status-publish","4":"has-post-thumbnail","6":"product_cat-team-spirit-dog-bandanas","7":"product_cat-nhl-dog-bandanas","8":"product_shipping_class-bandana","9":"desktop-align-center","10":"tablet-align-center","11":"mobile-align-center","12":"ast-product-gallery-layout-horizontal","13":"ast-product-gallery-with-no-image","14":"ast-product-single-variable","15":"ast-product-tabs-layout-horizontal","16":"ast-qv-on-image","18":"first","19":"instock","20":"purchasable","21":"product-type-variable"},"acf":[],"_links":{"self":[{"href":"https:\/\/www.dressupyourpup.com\/sv\/wp-json\/wp\/v2\/product\/3263","targetHints":{"allow":["GET"]}}],"collection":[{"href":"https:\/\/www.dressupyourpup.com\/sv\/wp-json\/wp\/v2\/product"}],"about":[{"href":"https:\/\/www.dressupyourpup.com\/sv\/wp-json\/wp\/v2\/types\/product"}],"replies":[{"embeddable":true,"href":"https:\/\/www.dressupyourpup.com\/sv\/wp-json\/wp\/v2\/comments?post=3263"}],"wp:featuredmedia":[{"embeddable":true,"href":"https:\/\/www.dressupyourpup.com\/sv\/wp-json\/wp\/v2\/media\/4195"}],"wp:attachment":[{"href":"https:\/\/www.dressupyourpup.com\/sv\/wp-json\/wp\/v2\/media?parent=3263"}],"wp:term":[{"taxonomy":"product_brand","embeddable":true,"href":"https:\/\/www.dressupyourpup.com\/sv\/wp-json\/wp\/v2\/product_brand?post=3263"},{"taxonomy":"product_cat","embeddable":true,"href":"https:\/\/www.dressupyourpup.com\/sv\/wp-json\/wp\/v2\/product_cat?post=3263"},{"taxonomy":"product_tag","embeddable":true,"href":"https:\/\/www.dressupyourpup.com\/sv\/wp-json\/wp\/v2\/product_tag?post=3263"},{"taxonomy":"woo-feed-brand","embeddable":true,"href":"https:\/\/www.dressupyourpup.com\/sv\/wp-json\/wp\/v2\/woo-feed-brand?post=3263"}],"curies":[{"name":"wp","href":"https:\/\/api.w.org\/{rel}","templated":true}]}}