{"id":3915,"date":"2019-11-05T02:01:22","date_gmt":"2019-11-05T02:01:22","guid":{"rendered":"http:\/\/s903023292.onlinehome.us\/dressupyourpup.com\/?post_type=product&#038;p=3915"},"modified":"2025-11-25T18:36:45","modified_gmt":"2025-11-25T23:36:45","slug":"hur-grinchen-stal-julen-over-halsbandan","status":"publish","type":"product","link":"https:\/\/www.dressupyourpup.com\/sv\/shop\/dog-bandanas\/holiday-dog-bandanas\/christmas\/how-the-grinch-stole-christmas-over-the-collar-bandana\/","title":{"rendered":"Hur Grinchen stal julen \u00f6ver halsbandan"},"content":{"rendered":"<p>F\u00f6rvandla din lurviga v\u00e4n till den snyggaste lilla valpen i hela Whoville med en s\u00f6t Grinch-hundsn\u00e4sduk som de aldrig kommer att vilja l\u00e4mna hemmet utan. Det \u00e4r bekv\u00e4mt, mysigt och s\u00e5 festligt att \u00e4ven Grinchen kommer att se sitt hj\u00e4rta sm\u00e4lta och vill bli inbjuden till din fest. Allt du beh\u00f6ver g\u00f6ra nu \u00e4r att be hunden att h\u00e5lla utkik p\u00e5 julafton f\u00f6r att se till att presenterna stannar precis d\u00e4r du vill ha dem!<\/p>\n<h2 style=\"text-align: center;\">Fyra sk\u00e4l att k\u00f6pa How the Grinch Stole Christmas Dog Bandana<\/h2>\n<ul>\n<li>Din nya Grinch-hundsnusn\u00e4sduk \u00e4r handgjord, klumpar aldrig och ser alltid fantastisk ut<\/li>\n<li>Skjuts \u00f6ver din fyrbenta v\u00e4ns krage f\u00f6r perfekt passform, varje g\u00e5ng<\/li>\n<li>Kommer i alla storlekar du kan \u00f6nska dig, hela v\u00e4gen fr\u00e5n extra liten till extra stor<\/li>\n<li>Tillverkad med omsorg av maskintv\u00e4ttbart tyg som \u00e4r f\u00f6rkrympt - en sak mindre att oroa sig f\u00f6r!<\/li>\n<\/ul>\n<p><strong>Gl\u00f6m inte att skr\u00e4ddarsy din nya Grinch hundbandana<\/strong><\/p>\n<ul>\n<li>V\u00e4ndbar design ger dig tv\u00e5 presenter i en \u2013 perfekt f\u00f6r att h\u00e5lla svansen viftande<\/li>\n<li>Anpassa baksidan med m\u00f6rkgr\u00f6nt, limegr\u00f6nt eller ljusr\u00f6tt tyg<\/li>\n<li>Avsluta det med stil genom att v\u00e4lja en av v\u00e5ra 12 olika juldesigner<\/li>\n<\/ul>","protected":false},"excerpt":{"rendered":"<p>Turn your furry friend into the most stylish little pup in all of Whoville with a cute Grinch dog bandana they\u2019ll never want to leave home without. It\u2019s comfy, cozy and so festive even the Grinch will see his heart start to melt and want to get invited to your party. All you have to [&hellip;]<\/p>\n","protected":false},"featured_media":11346,"comment_status":"open","ping_status":"closed","template":"","meta":{"_acf_changed":false,"site-sidebar-layout":"default","site-content-layout":"default","ast-site-content-layout":"default","site-content-style":"default","site-sidebar-style":"default","ast-global-header-display":"","ast-banner-title-visibility":"","ast-main-header-display":"","ast-hfb-above-header-display":"","ast-hfb-below-header-display":"","ast-hfb-mobile-header-display":"","site-post-title":"","ast-breadcrumbs-content":"","ast-featured-img":"","footer-sml-layout":"","ast-disable-related-posts":"","theme-transparent-header-meta":"default","adv-header-id-meta":"","stick-header-meta":"default","header-above-stick-meta":"","header-main-stick-meta":"","header-below-stick-meta":"","astra-migrate-meta-layouts":"set","ast-page-background-enabled":"default","ast-page-background-meta":{"desktop":{"background-color":"","background-image":"","background-repeat":"repeat","background-position":"center center","background-size":"auto","background-attachment":"scroll","background-type":"","background-media":"","overlay-type":"","overlay-color":"","overlay-opacity":"","overlay-gradient":""},"tablet":{"background-color":"","background-image":"","background-repeat":"repeat","background-position":"center center","background-size":"auto","background-attachment":"scroll","background-type":"","background-media":"","overlay-type":"","overlay-color":"","overlay-opacity":"","overlay-gradient":""},"mobile":{"background-color":"","background-image":"","background-repeat":"repeat","background-position":"center center","background-size":"auto","background-attachment":"scroll","background-type":"","background-media":"","overlay-type":"","overlay-color":"","overlay-opacity":"","overlay-gradient":""}},"ast-content-background-meta":{"desktop":{"background-color":"var(--ast-global-color-5)","background-image":"","background-repeat":"repeat","background-position":"center center","background-size":"auto","background-attachment":"scroll","background-type":"","background-media":"","overlay-type":"","overlay-color":"","overlay-opacity":"","overlay-gradient":""},"tablet":{"background-color":"var(--ast-global-color-5)","background-image":"","background-repeat":"repeat","background-position":"center center","background-size":"auto","background-attachment":"scroll","background-type":"","background-media":"","overlay-type":"","overlay-color":"","overlay-opacity":"","overlay-gradient":""},"mobile":{"background-color":"var(--ast-global-color-5)","background-image":"","background-repeat":"repeat","background-position":"center center","background-size":"auto","background-attachment":"scroll","background-type":"","background-media":"","overlay-type":"","overlay-color":"","overlay-opacity":"","overlay-gradient":""}}},"product_brand":[],"product_cat":[50,55],"product_tag":[],"woo-feed-brand":[],"class_list":{"0":"post-3915","1":"product","2":"type-product","3":"status-publish","4":"has-post-thumbnail","6":"product_cat-holiday-dog-bandanas","7":"product_cat-christmas","8":"product_shipping_class-bandana","9":"desktop-align-center","10":"tablet-align-center","11":"mobile-align-center","12":"ast-product-gallery-layout-horizontal","13":"ast-product-gallery-with-no-image","14":"ast-product-single-variable","15":"ast-product-tabs-layout-horizontal","16":"ast-qv-on-image","18":"first","19":"outofstock","20":"purchasable","21":"product-type-variable"},"acf":[],"_links":{"self":[{"href":"https:\/\/www.dressupyourpup.com\/sv\/wp-json\/wp\/v2\/product\/3915","targetHints":{"allow":["GET"]}}],"collection":[{"href":"https:\/\/www.dressupyourpup.com\/sv\/wp-json\/wp\/v2\/product"}],"about":[{"href":"https:\/\/www.dressupyourpup.com\/sv\/wp-json\/wp\/v2\/types\/product"}],"replies":[{"embeddable":true,"href":"https:\/\/www.dressupyourpup.com\/sv\/wp-json\/wp\/v2\/comments?post=3915"}],"wp:featuredmedia":[{"embeddable":true,"href":"https:\/\/www.dressupyourpup.com\/sv\/wp-json\/wp\/v2\/media\/11346"}],"wp:attachment":[{"href":"https:\/\/www.dressupyourpup.com\/sv\/wp-json\/wp\/v2\/media?parent=3915"}],"wp:term":[{"taxonomy":"product_brand","embeddable":true,"href":"https:\/\/www.dressupyourpup.com\/sv\/wp-json\/wp\/v2\/product_brand?post=3915"},{"taxonomy":"product_cat","embeddable":true,"href":"https:\/\/www.dressupyourpup.com\/sv\/wp-json\/wp\/v2\/product_cat?post=3915"},{"taxonomy":"product_tag","embeddable":true,"href":"https:\/\/www.dressupyourpup.com\/sv\/wp-json\/wp\/v2\/product_tag?post=3915"},{"taxonomy":"woo-feed-brand","embeddable":true,"href":"https:\/\/www.dressupyourpup.com\/sv\/wp-json\/wp\/v2\/woo-feed-brand?post=3915"}],"curies":[{"name":"wp","href":"https:\/\/api.w.org\/{rel}","templated":true}]}}