{"id":7036,"date":"2020-01-25T20:47:50","date_gmt":"2020-01-25T20:47:50","guid":{"rendered":"http:\/\/s903023292.onlinehome.us\/dressupyourpup.com\/?post_type=product&#038;p=7036"},"modified":"2025-11-25T18:43:21","modified_gmt":"2025-11-25T23:43:21","slug":"alla-hjartans-dag-vandbar-bandana-med-roda-och-vita-rutiga-tasstrycks-hjartan","status":"publish","type":"product","link":"https:\/\/www.dressupyourpup.com\/sv\/shop\/dog-bandanas\/holiday-dog-bandanas\/valentines-day-dog-bandanas\/valentines-day-reversible-bandana-with-red-and-white-checked-paw-print-hearts\/","title":{"rendered":"Alla hj\u00e4rtans dag v\u00e4ndbar bandana med r\u00f6da och vita rutiga tasstryckshj\u00e4rtan"},"content":{"rendered":"<p>Denna bandana med Alla hj\u00e4rtans dag-tema visar r\u00f6da och vita rutiga tassavtryck i hj\u00e4rtform. Baksidan kan anpassas med valfri f\u00e4rg i fast tyg och en grafik som du v\u00e4ljer. I exemplet ovan har vi anv\u00e4nt Love-grafiken.<\/p>\n<p>Vi kan ocks\u00e5 anpassa bandanan med din valps namn. Namnet skulle appliceras p\u00e5 framsidan med de hj\u00e4rtformade tassavtrycken.<\/p>\n<p>Visa din valp hur mycket du \u00e4lskar dem denna alla hj\u00e4rtans dag med en ny bandana.<\/p>\n<h2 style=\"text-align: center;\">Sex sk\u00e4l att k\u00f6pa v\u00e5r r\u00f6d- och vitrutiga tasstryckssnusn\u00e4sduk<\/h2>\n<ul>\n<li>V\u00e5r r\u00f6da och vita rutig tasstryck Hearts hundbandana glider l\u00e4tt \u00f6ver halsbandet. Du beh\u00f6ver inte l\u00e4ngre oroa dig f\u00f6r att knyta den f\u00f6r h\u00e5rt eller f\u00f6r l\u00f6st runt din hunds hals<\/li>\n<li>V\u00e5ra r\u00f6da och vita rutiga paw Print Hearts-bandanas finns i storlekar fr\u00e5n extra liten till extra stor. S\u00e5 oavsett om du har en chihuahua eller en danois s\u00e5 har vi en bandana som passar din valp<\/li>\n<li>Snusn\u00e4sduken \u00e4r gjord med gr\u00e4nssnitt s\u00e5 att den inte hopar sig och alltid ser fantastisk ut<\/li>\n<li>V\u00e5r bandana \u00e4r handgjord av f\u00f6rkrympt, maskintv\u00e4ttbart tyg. Du kan tv\u00e4tta den i tv\u00e4ttmaskinen och sedan l\u00e4gga i torktumlaren och den \u00e4r redo att b\u00e4ras<\/li>\n<li>V\u00e5r bandana \u00e4r verkligen v\u00e4ndbar med ett tryck p\u00e5 ena sidan och en p\u00e5strykningsgrafik p\u00e5 baksidan s\u00e5 att du f\u00e5r tv\u00e5 bandanas till priset av en<\/li>\n<li>Du kan anpassa din bandana med valpens namn p\u00e5<\/li>\n<\/ul>\n<p>&nbsp;<\/p>","protected":false},"excerpt":{"rendered":"<p>This Valentine&#8217;s Day themed bandana showcases red and white checked paw prints in a heart shape.\u00a0 The reverse side can be customized with any colour solid fabric and a graphic of your choice.\u00a0 In the sample above, we&#8217;ve used the Love graphic. We can also personalize the bandana with your pup&#8217;s name.\u00a0 The name would [&hellip;]<\/p>\n","protected":false},"featured_media":6971,"comment_status":"open","ping_status":"closed","template":"","meta":{"_acf_changed":false,"site-sidebar-layout":"default","site-content-layout":"default","ast-site-content-layout":"default","site-content-style":"default","site-sidebar-style":"default","ast-global-header-display":"","ast-banner-title-visibility":"","ast-main-header-display":"","ast-hfb-above-header-display":"","ast-hfb-below-header-display":"","ast-hfb-mobile-header-display":"","site-post-title":"","ast-breadcrumbs-content":"","ast-featured-img":"","footer-sml-layout":"","ast-disable-related-posts":"","theme-transparent-header-meta":"default","adv-header-id-meta":"","stick-header-meta":"default","header-above-stick-meta":"","header-main-stick-meta":"","header-below-stick-meta":"","astra-migrate-meta-layouts":"default","ast-page-background-enabled":"default","ast-page-background-meta":{"desktop":{"background-color":"","background-image":"","background-repeat":"repeat","background-position":"center center","background-size":"auto","background-attachment":"scroll","background-type":"","background-media":"","overlay-type":"","overlay-color":"","overlay-opacity":"","overlay-gradient":""},"tablet":{"background-color":"","background-image":"","background-repeat":"repeat","background-position":"center center","background-size":"auto","background-attachment":"scroll","background-type":"","background-media":"","overlay-type":"","overlay-color":"","overlay-opacity":"","overlay-gradient":""},"mobile":{"background-color":"","background-image":"","background-repeat":"repeat","background-position":"center center","background-size":"auto","background-attachment":"scroll","background-type":"","background-media":"","overlay-type":"","overlay-color":"","overlay-opacity":"","overlay-gradient":""}},"ast-content-background-meta":{"desktop":{"background-color":"var(--ast-global-color-5)","background-image":"","background-repeat":"repeat","background-position":"center center","background-size":"auto","background-attachment":"scroll","background-type":"","background-media":"","overlay-type":"","overlay-color":"","overlay-opacity":"","overlay-gradient":""},"tablet":{"background-color":"var(--ast-global-color-5)","background-image":"","background-repeat":"repeat","background-position":"center center","background-size":"auto","background-attachment":"scroll","background-type":"","background-media":"","overlay-type":"","overlay-color":"","overlay-opacity":"","overlay-gradient":""},"mobile":{"background-color":"var(--ast-global-color-5)","background-image":"","background-repeat":"repeat","background-position":"center center","background-size":"auto","background-attachment":"scroll","background-type":"","background-media":"","overlay-type":"","overlay-color":"","overlay-opacity":"","overlay-gradient":""}}},"product_brand":[],"product_cat":[58,50],"product_tag":[],"woo-feed-brand":[],"class_list":{"0":"post-7036","1":"product","2":"type-product","3":"status-publish","4":"has-post-thumbnail","6":"product_cat-valentines-day-dog-bandanas","7":"product_cat-holiday-dog-bandanas","8":"product_shipping_class-bandana","9":"desktop-align-center","10":"tablet-align-center","11":"mobile-align-center","12":"ast-product-gallery-layout-horizontal","13":"ast-product-gallery-with-no-image","14":"ast-product-single-variable","15":"ast-product-tabs-layout-horizontal","16":"ast-qv-on-image","18":"first","19":"outofstock","20":"purchasable","21":"product-type-variable"},"acf":[],"_links":{"self":[{"href":"https:\/\/www.dressupyourpup.com\/sv\/wp-json\/wp\/v2\/product\/7036","targetHints":{"allow":["GET"]}}],"collection":[{"href":"https:\/\/www.dressupyourpup.com\/sv\/wp-json\/wp\/v2\/product"}],"about":[{"href":"https:\/\/www.dressupyourpup.com\/sv\/wp-json\/wp\/v2\/types\/product"}],"replies":[{"embeddable":true,"href":"https:\/\/www.dressupyourpup.com\/sv\/wp-json\/wp\/v2\/comments?post=7036"}],"wp:featuredmedia":[{"embeddable":true,"href":"https:\/\/www.dressupyourpup.com\/sv\/wp-json\/wp\/v2\/media\/6971"}],"wp:attachment":[{"href":"https:\/\/www.dressupyourpup.com\/sv\/wp-json\/wp\/v2\/media?parent=7036"}],"wp:term":[{"taxonomy":"product_brand","embeddable":true,"href":"https:\/\/www.dressupyourpup.com\/sv\/wp-json\/wp\/v2\/product_brand?post=7036"},{"taxonomy":"product_cat","embeddable":true,"href":"https:\/\/www.dressupyourpup.com\/sv\/wp-json\/wp\/v2\/product_cat?post=7036"},{"taxonomy":"product_tag","embeddable":true,"href":"https:\/\/www.dressupyourpup.com\/sv\/wp-json\/wp\/v2\/product_tag?post=7036"},{"taxonomy":"woo-feed-brand","embeddable":true,"href":"https:\/\/www.dressupyourpup.com\/sv\/wp-json\/wp\/v2\/woo-feed-brand?post=7036"}],"curies":[{"name":"wp","href":"https:\/\/api.w.org\/{rel}","templated":true}]}}