{"id":8175,"date":"2020-12-02T21:50:10","date_gmt":"2020-12-03T02:50:10","guid":{"rendered":"http:\/\/s903023292.onlinehome.us\/dressupyourpup.com\/?post_type=product&#038;p=8175"},"modified":"2025-11-25T18:49:53","modified_gmt":"2025-11-25T23:49:53","slug":"festlig-snogubbar-jul-hund-bandana","status":"publish","type":"product","link":"https:\/\/www.dressupyourpup.com\/sv\/shop\/dog-bandanas\/holiday-dog-bandanas\/christmas\/festive-snowmen-christmas-dog-bandana\/","title":{"rendered":"Festlig sn\u00f6gubbar julhund bandana"},"content":{"rendered":"<p>\u00c4lskar din hund sn\u00f6 och jul? D\u00e5 kommer v\u00e5r festliga sn\u00f6gubbar julhundsn\u00e4sduk vara en perfekt present! Sn\u00f6n faller och det \u00e4r dags att g\u00f6ra s\u00e4songens f\u00f6rsta sn\u00f6gubbe! Din valp kommer att se snygg ut i sn\u00f6n med denna festliga sn\u00f6gubbsjulbandana n\u00e4r du hj\u00e4lper till med att bygga din sn\u00f6gubbe. Den omv\u00e4nda solida r\u00f6da sidan kan anpassas med en f\u00f6rdesignad julgrafik efter eget val.<\/p>\n<p>Hj\u00e4lp din valp att fira denna juls\u00e4song med detta festliga tryck!<\/p>\n<h2 style=\"text-align: center;\">Sex sk\u00e4l att k\u00f6pa v\u00e5r festliga sn\u00f6gubbs-julhundsn\u00e4sduk<\/h2>\n<ul>\n<li>V\u00e5r bandana glider l\u00e4tt \u00f6ver kragen. Du beh\u00f6ver inte l\u00e4ngre oroa dig f\u00f6r att knyta den f\u00f6r h\u00e5rt eller f\u00f6r l\u00f6st runt din hunds hals<\/li>\n<li>V\u00e5ra SnFestive Snowmen Christmas bandanas finns i storlekar fr\u00e5n extra-small till extra-large. S\u00e5 oavsett om du har en chihuahua eller en danois s\u00e5 har vi en bandana som passar din valp<\/li>\n<li>Snusn\u00e4sduken \u00e4r gjord med gr\u00e4nssnitt s\u00e5 att den inte hopar sig och alltid ser fantastisk ut<\/li>\n<li>V\u00e5r bandana \u00e4r handgjord av f\u00f6rkrympt, maskintv\u00e4ttbart tyg. Du kan tv\u00e4tta den i tv\u00e4ttmaskinen och sedan l\u00e4gga i torktumlaren och den \u00e4r redo att b\u00e4ras<\/li>\n<li>V\u00e5r bandana \u00e4r verkligen v\u00e4ndbar med ett tryck p\u00e5 ena sidan och en p\u00e5strykningsgrafik p\u00e5 baksidan s\u00e5 att du f\u00e5r tv\u00e5 bandanas till priset av en<\/li>\n<li>Du kan anpassa din bandana med valpens namn p\u00e5<\/li>\n<\/ul>","protected":false},"excerpt":{"rendered":"<p>Does your dog love snow and Christmas? Then our Festive Snowmen Christmas dog bandana will make a perfect gift! The snow is falling and it&#8217;s time to make the first snowman of the season! Your pup will look dashing in the snow wearing this Festive Snowmen Christmas Bandana when helping with building your snowman.\u00a0 The [&hellip;]<\/p>\n","protected":false},"featured_media":8168,"comment_status":"open","ping_status":"closed","template":"","meta":{"_acf_changed":false,"site-sidebar-layout":"default","site-content-layout":"default","ast-site-content-layout":"default","site-content-style":"default","site-sidebar-style":"default","ast-global-header-display":"","ast-banner-title-visibility":"","ast-main-header-display":"","ast-hfb-above-header-display":"","ast-hfb-below-header-display":"","ast-hfb-mobile-header-display":"","site-post-title":"","ast-breadcrumbs-content":"","ast-featured-img":"","footer-sml-layout":"","ast-disable-related-posts":"","theme-transparent-header-meta":"default","adv-header-id-meta":"","stick-header-meta":"default","header-above-stick-meta":"","header-main-stick-meta":"","header-below-stick-meta":"","astra-migrate-meta-layouts":"set","ast-page-background-enabled":"default","ast-page-background-meta":{"desktop":{"background-color":"","background-image":"","background-repeat":"repeat","background-position":"center center","background-size":"auto","background-attachment":"scroll","background-type":"","background-media":"","overlay-type":"","overlay-color":"","overlay-opacity":"","overlay-gradient":""},"tablet":{"background-color":"","background-image":"","background-repeat":"repeat","background-position":"center center","background-size":"auto","background-attachment":"scroll","background-type":"","background-media":"","overlay-type":"","overlay-color":"","overlay-opacity":"","overlay-gradient":""},"mobile":{"background-color":"","background-image":"","background-repeat":"repeat","background-position":"center center","background-size":"auto","background-attachment":"scroll","background-type":"","background-media":"","overlay-type":"","overlay-color":"","overlay-opacity":"","overlay-gradient":""}},"ast-content-background-meta":{"desktop":{"background-color":"var(--ast-global-color-5)","background-image":"","background-repeat":"repeat","background-position":"center center","background-size":"auto","background-attachment":"scroll","background-type":"","background-media":"","overlay-type":"","overlay-color":"","overlay-opacity":"","overlay-gradient":""},"tablet":{"background-color":"var(--ast-global-color-5)","background-image":"","background-repeat":"repeat","background-position":"center center","background-size":"auto","background-attachment":"scroll","background-type":"","background-media":"","overlay-type":"","overlay-color":"","overlay-opacity":"","overlay-gradient":""},"mobile":{"background-color":"var(--ast-global-color-5)","background-image":"","background-repeat":"repeat","background-position":"center center","background-size":"auto","background-attachment":"scroll","background-type":"","background-media":"","overlay-type":"","overlay-color":"","overlay-opacity":"","overlay-gradient":""}}},"product_brand":[],"product_cat":[50,55],"product_tag":[],"woo-feed-brand":[],"class_list":{"0":"post-8175","1":"product","2":"type-product","3":"status-publish","4":"has-post-thumbnail","6":"product_cat-holiday-dog-bandanas","7":"product_cat-christmas","8":"product_shipping_class-bandana","9":"desktop-align-center","10":"tablet-align-center","11":"mobile-align-center","12":"ast-product-gallery-layout-horizontal","13":"ast-product-gallery-with-no-image","14":"ast-product-single-variable","15":"ast-product-tabs-layout-horizontal","16":"ast-qv-on-image","18":"first","19":"outofstock","20":"purchasable","21":"product-type-variable"},"acf":[],"_links":{"self":[{"href":"https:\/\/www.dressupyourpup.com\/sv\/wp-json\/wp\/v2\/product\/8175","targetHints":{"allow":["GET"]}}],"collection":[{"href":"https:\/\/www.dressupyourpup.com\/sv\/wp-json\/wp\/v2\/product"}],"about":[{"href":"https:\/\/www.dressupyourpup.com\/sv\/wp-json\/wp\/v2\/types\/product"}],"replies":[{"embeddable":true,"href":"https:\/\/www.dressupyourpup.com\/sv\/wp-json\/wp\/v2\/comments?post=8175"}],"wp:featuredmedia":[{"embeddable":true,"href":"https:\/\/www.dressupyourpup.com\/sv\/wp-json\/wp\/v2\/media\/8168"}],"wp:attachment":[{"href":"https:\/\/www.dressupyourpup.com\/sv\/wp-json\/wp\/v2\/media?parent=8175"}],"wp:term":[{"taxonomy":"product_brand","embeddable":true,"href":"https:\/\/www.dressupyourpup.com\/sv\/wp-json\/wp\/v2\/product_brand?post=8175"},{"taxonomy":"product_cat","embeddable":true,"href":"https:\/\/www.dressupyourpup.com\/sv\/wp-json\/wp\/v2\/product_cat?post=8175"},{"taxonomy":"product_tag","embeddable":true,"href":"https:\/\/www.dressupyourpup.com\/sv\/wp-json\/wp\/v2\/product_tag?post=8175"},{"taxonomy":"woo-feed-brand","embeddable":true,"href":"https:\/\/www.dressupyourpup.com\/sv\/wp-json\/wp\/v2\/woo-feed-brand?post=8175"}],"curies":[{"name":"wp","href":"https:\/\/api.w.org\/{rel}","templated":true}]}}