{"id":909,"date":"2019-07-24T05:06:05","date_gmt":"2019-07-24T05:06:05","guid":{"rendered":"http:\/\/s903023292.onlinehome.us\/dressupyourpup.com\/?post_type=product&#038;p=909"},"modified":"2025-11-25T18:10:55","modified_gmt":"2025-11-25T23:10:55","slug":"reversibel-michigan-jarv-bandana","status":"publish","type":"product","link":"https:\/\/www.dressupyourpup.com\/sv\/shop\/dog-bandanas\/team-spirit-dog-bandanas\/ncaa-dog-bandanas\/reversible-michigan-wolverines-bandana\/","title":{"rendered":"University of Michigan Wolverines Dog Bandana"},"content":{"rendered":"<p>Oavsett om du klirrar med nycklarna i Big House, hejar p\u00e5 Maize and Blue p\u00e5 Chisler Center eller ser Wolverines g\u00f6ra ytterligare ett m\u00e5l p\u00e5 Yost Ice Arena, \u00e4r det en bra tid att visa din k\u00e4rlek med v\u00e5r University of Michigan Wolverines-hund bandana.<\/p>\n<p>Nu kan din hund vara med p\u00e5 det roliga med v\u00e5r f\u00f6rkrympta, handgjorda hundbandana \u00f6ver halsbandet gjord av officiellt licensierat bomullstyg. Vi kan inte garantera att din valp kommer att sk\u00e4lla tillsammans med Mr. Brightside eller sjunga &quot;You Suck&quot; men ingen kommer att missta dem f\u00f6r en <a href=\"https:\/\/www.dressupyourpup.com\/sv\/produkt\/reversibel-michigan-state-spartans-bandana\/\">spartansk<\/a> fl\u00e4kt i v\u00e5r snygga bandana.<\/p>\n<p>Om du vill g\u00f6ra den personlig kan du l\u00e4gga till din hunds namn l\u00e4ngs kanten av bandana.<\/p>\n<p>V\u00e5r modell Kya, en 5-\u00e5rig hund\/mix, b\u00e4r en medium storlek.<\/p>\n<p><strong>Observera: om du inte beg\u00e4r n\u00e5got annat i kassan, om du vill ha din hunds namn p\u00e5 bandanan kommer det att st\u00e5 p\u00e5 den bl\u00e5 sidan, inte p\u00e5 majssidan.<\/strong><\/p>\n<h2 style=\"text-align: center;\">Fem sk\u00e4l att k\u00f6pa v\u00e5r University of Michigan Wolverines Dog Bandana<\/h2>\n<ul>\n<li>V\u00e5r University of Michigan Wolverines hundbandana glider l\u00e4tt \u00f6ver halsbandet, utan att knytas runt din valps hals<\/li>\n<li>Snusn\u00e4sduken \u00e4r gjord med gr\u00e4nssnitt s\u00e5 att den inte hopar sig och alltid ser fantastisk ut<\/li>\n<li>V\u00e5r bandana \u00e4r handgjord av f\u00f6rkrympt, maskintv\u00e4ttbart tyg s\u00e5 de \u00e4r l\u00e4tta att tv\u00e4tta, torka och b\u00e4ra<\/li>\n<li>V\u00e5r bandana \u00e4r verkligen v\u00e4ndbar med kontrasterande sidor s\u00e5 du f\u00e5r tv\u00e5 bandanas till priset av en<\/li>\n<li>Du kan anpassa din Michigan Wolverines-bandana med valpens namn p\u00e5<\/li>\n<\/ul>\n<p><b>Ansvarsfriskrivning: V\u00e5ra handgjorda bandanas \u00e4r inte licensierade produkter fr\u00e5n\u00a0<a href=\"https:\/\/www.ncaa.com\/\" target=\"_blank\" rel=\"noopener noreferrer\">NCAA<\/a>. Vi \u00e4r inte anslutna till eller sponsrade av\u00a0<a href=\"https:\/\/www.ncaa.com\/\" target=\"_blank\" rel=\"noopener noreferrer\">NCAA<\/a><\/b><\/p>","protected":false},"excerpt":{"rendered":"<p>Whether you are jingling your keys at the Big House, cheering on the Maize and Blue at the Chisler Center, or watching the Wolverines score another goal at the Yost Ice Arena, it&#8217;s a great time to show your love with our University of Michigan Wolverines dog bandana. Now your dog can join in the [&hellip;]<\/p>\n","protected":false},"featured_media":10967,"comment_status":"open","ping_status":"closed","template":"","meta":{"_acf_changed":false,"site-sidebar-layout":"default","site-content-layout":"default","ast-site-content-layout":"default","site-content-style":"default","site-sidebar-style":"default","ast-global-header-display":"","ast-banner-title-visibility":"","ast-main-header-display":"","ast-hfb-above-header-display":"","ast-hfb-below-header-display":"","ast-hfb-mobile-header-display":"","site-post-title":"","ast-breadcrumbs-content":"","ast-featured-img":"","footer-sml-layout":"","ast-disable-related-posts":"","theme-transparent-header-meta":"default","adv-header-id-meta":"","stick-header-meta":"default","header-above-stick-meta":"","header-main-stick-meta":"","header-below-stick-meta":"","astra-migrate-meta-layouts":"default","ast-page-background-enabled":"default","ast-page-background-meta":{"desktop":{"background-color":"","background-image":"","background-repeat":"repeat","background-position":"center center","background-size":"auto","background-attachment":"scroll","background-type":"","background-media":"","overlay-type":"","overlay-color":"","overlay-opacity":"","overlay-gradient":""},"tablet":{"background-color":"","background-image":"","background-repeat":"repeat","background-position":"center center","background-size":"auto","background-attachment":"scroll","background-type":"","background-media":"","overlay-type":"","overlay-color":"","overlay-opacity":"","overlay-gradient":""},"mobile":{"background-color":"","background-image":"","background-repeat":"repeat","background-position":"center center","background-size":"auto","background-attachment":"scroll","background-type":"","background-media":"","overlay-type":"","overlay-color":"","overlay-opacity":"","overlay-gradient":""}},"ast-content-background-meta":{"desktop":{"background-color":"var(--ast-global-color-5)","background-image":"","background-repeat":"repeat","background-position":"center center","background-size":"auto","background-attachment":"scroll","background-type":"","background-media":"","overlay-type":"","overlay-color":"","overlay-opacity":"","overlay-gradient":""},"tablet":{"background-color":"var(--ast-global-color-5)","background-image":"","background-repeat":"repeat","background-position":"center center","background-size":"auto","background-attachment":"scroll","background-type":"","background-media":"","overlay-type":"","overlay-color":"","overlay-opacity":"","overlay-gradient":""},"mobile":{"background-color":"var(--ast-global-color-5)","background-image":"","background-repeat":"repeat","background-position":"center center","background-size":"auto","background-attachment":"scroll","background-type":"","background-media":"","overlay-type":"","overlay-color":"","overlay-opacity":"","overlay-gradient":""}}},"product_brand":[],"product_cat":[43,41],"product_tag":[],"woo-feed-brand":[],"class_list":{"0":"post-909","1":"product","2":"type-product","3":"status-publish","4":"has-post-thumbnail","6":"product_cat-ncaa-dog-bandanas","7":"product_cat-team-spirit-dog-bandanas","8":"product_shipping_class-bandana","9":"desktop-align-center","10":"tablet-align-center","11":"mobile-align-center","12":"ast-product-gallery-layout-horizontal","13":"ast-product-gallery-with-no-image","14":"ast-product-single-variable","15":"ast-product-tabs-layout-horizontal","16":"ast-qv-on-image","18":"first","19":"instock","20":"purchasable","21":"product-type-variable"},"acf":[],"_links":{"self":[{"href":"https:\/\/www.dressupyourpup.com\/sv\/wp-json\/wp\/v2\/product\/909","targetHints":{"allow":["GET"]}}],"collection":[{"href":"https:\/\/www.dressupyourpup.com\/sv\/wp-json\/wp\/v2\/product"}],"about":[{"href":"https:\/\/www.dressupyourpup.com\/sv\/wp-json\/wp\/v2\/types\/product"}],"replies":[{"embeddable":true,"href":"https:\/\/www.dressupyourpup.com\/sv\/wp-json\/wp\/v2\/comments?post=909"}],"wp:featuredmedia":[{"embeddable":true,"href":"https:\/\/www.dressupyourpup.com\/sv\/wp-json\/wp\/v2\/media\/10967"}],"wp:attachment":[{"href":"https:\/\/www.dressupyourpup.com\/sv\/wp-json\/wp\/v2\/media?parent=909"}],"wp:term":[{"taxonomy":"product_brand","embeddable":true,"href":"https:\/\/www.dressupyourpup.com\/sv\/wp-json\/wp\/v2\/product_brand?post=909"},{"taxonomy":"product_cat","embeddable":true,"href":"https:\/\/www.dressupyourpup.com\/sv\/wp-json\/wp\/v2\/product_cat?post=909"},{"taxonomy":"product_tag","embeddable":true,"href":"https:\/\/www.dressupyourpup.com\/sv\/wp-json\/wp\/v2\/product_tag?post=909"},{"taxonomy":"woo-feed-brand","embeddable":true,"href":"https:\/\/www.dressupyourpup.com\/sv\/wp-json\/wp\/v2\/woo-feed-brand?post=909"}],"curies":[{"name":"wp","href":"https:\/\/api.w.org\/{rel}","templated":true}]}}