{"id":9511,"date":"2022-04-16T19:34:18","date_gmt":"2022-04-16T23:34:18","guid":{"rendered":"http:\/\/s903023292.onlinehome.us\/dressupyourpup.com\/?post_type=product&#038;p=9511"},"modified":"2025-11-25T19:07:02","modified_gmt":"2025-11-26T00:07:02","slug":"otamjt-trollslanda-lila-hund-bandana","status":"publish","type":"product","link":"https:\/\/www.dressupyourpup.com\/sv\/shop\/dog-bandanas\/pattern-dog-bandanas\/untamed-dragonfly-purple-dog-bandana\/","title":{"rendered":"Untamed Dragonfly Purple Dog Bandana"},"content":{"rendered":"<p>Denna ot\u00e4mjda trollsl\u00e4nda lila hundbandana skulle se tafsande ut p\u00e5 din hund. Det \u00e4r ett vackert lila bomullstyg med ot\u00e4mjda trollsl\u00e4ndor tryckta p\u00e5. Baksidan kan anpassas med ett fast tyg, valfri f\u00e4rg och en vit j\u00e4rn-p\u00e5-vinylgrafik, efter eget val. Hundens bandana kan ocks\u00e5 anpassas med din hunds namn p\u00e5 trollsl\u00e4ndan tryckta sidan.<\/p>\n<p>Denna f\u00f6rkrympta, handgjorda \u00f6ver halsbandan kommer att f\u00e5 din hund att bli avundsjuk p\u00e5 hundparken!<\/p>\n<h2 style=\"text-align: center;\">Sex sk\u00e4l att k\u00f6pa v\u00e5r ot\u00e4mjda lila bandana f\u00f6r trollsl\u00e4nda<\/h2>\n<ul>\n<li>V\u00e5r ot\u00e4mjda trollsl\u00e4nda lila hundbandana glider l\u00e4tt \u00f6ver halsbandet. Du beh\u00f6ver inte l\u00e4ngre oroa dig f\u00f6r att knyta den f\u00f6r h\u00e5rt eller f\u00f6r l\u00f6st runt din hunds hals<\/li>\n<li>V\u00e5r Untamed Dragonfly Purple hundsn\u00e4sduk kommer i storlekar fr\u00e5n extra liten till extra stor. S\u00e5 oavsett om du har en chihuahua eller en danois s\u00e5 har vi en bandana som passar din valp<\/li>\n<li>Snusn\u00e4sduken \u00e4r gjord med gr\u00e4nssnitt s\u00e5 att den inte hopar sig och alltid ser fantastisk ut<\/li>\n<li>V\u00e5r bandana \u00e4r handgjord av f\u00f6rkrympt, maskintv\u00e4ttbart tyg. Du kan tv\u00e4tta den i tv\u00e4ttmaskinen och sedan l\u00e4gga i torktumlaren och den \u00e4r redo att b\u00e4ras<\/li>\n<li>V\u00e5r bandana \u00e4r verkligen v\u00e4ndbar med ett tryck p\u00e5 ena sidan och en p\u00e5strykningsgrafik p\u00e5 baksidan s\u00e5 att du f\u00e5r tv\u00e5 bandanas till priset av en<\/li>\n<li>Du kan anpassa din bandana med valpens namn p\u00e5<\/li>\n<\/ul>","protected":false},"excerpt":{"rendered":"<p>This Untamed Dragonfly Purple dog bandana would look paw-some on your dog. It is a beautiful purple cotton fabric with untamed dragonflies printed on it. The reverse side can be customized with a solid fabric, colour of your choice and a white iron -on vinyl graphic, of your choice.\u00a0 The dog bandana can also be [&hellip;]<\/p>\n","protected":false},"featured_media":9535,"comment_status":"open","ping_status":"closed","template":"","meta":{"_acf_changed":false,"site-sidebar-layout":"default","site-content-layout":"default","ast-site-content-layout":"default","site-content-style":"default","site-sidebar-style":"default","ast-global-header-display":"","ast-banner-title-visibility":"","ast-main-header-display":"","ast-hfb-above-header-display":"","ast-hfb-below-header-display":"","ast-hfb-mobile-header-display":"","site-post-title":"","ast-breadcrumbs-content":"","ast-featured-img":"","footer-sml-layout":"","ast-disable-related-posts":"","theme-transparent-header-meta":"default","adv-header-id-meta":"","stick-header-meta":"default","header-above-stick-meta":"","header-main-stick-meta":"","header-below-stick-meta":"","astra-migrate-meta-layouts":"default","ast-page-background-enabled":"default","ast-page-background-meta":{"desktop":{"background-color":"","background-image":"","background-repeat":"repeat","background-position":"center center","background-size":"auto","background-attachment":"scroll","background-type":"","background-media":"","overlay-type":"","overlay-color":"","overlay-opacity":"","overlay-gradient":""},"tablet":{"background-color":"","background-image":"","background-repeat":"repeat","background-position":"center center","background-size":"auto","background-attachment":"scroll","background-type":"","background-media":"","overlay-type":"","overlay-color":"","overlay-opacity":"","overlay-gradient":""},"mobile":{"background-color":"","background-image":"","background-repeat":"repeat","background-position":"center center","background-size":"auto","background-attachment":"scroll","background-type":"","background-media":"","overlay-type":"","overlay-color":"","overlay-opacity":"","overlay-gradient":""}},"ast-content-background-meta":{"desktop":{"background-color":"var(--ast-global-color-5)","background-image":"","background-repeat":"repeat","background-position":"center center","background-size":"auto","background-attachment":"scroll","background-type":"","background-media":"","overlay-type":"","overlay-color":"","overlay-opacity":"","overlay-gradient":""},"tablet":{"background-color":"var(--ast-global-color-5)","background-image":"","background-repeat":"repeat","background-position":"center center","background-size":"auto","background-attachment":"scroll","background-type":"","background-media":"","overlay-type":"","overlay-color":"","overlay-opacity":"","overlay-gradient":""},"mobile":{"background-color":"var(--ast-global-color-5)","background-image":"","background-repeat":"repeat","background-position":"center center","background-size":"auto","background-attachment":"scroll","background-type":"","background-media":"","overlay-type":"","overlay-color":"","overlay-opacity":"","overlay-gradient":""}}},"product_brand":[],"product_cat":[36],"product_tag":[],"woo-feed-brand":[],"class_list":{"0":"post-9511","1":"product","2":"type-product","3":"status-publish","4":"has-post-thumbnail","6":"product_cat-pattern-dog-bandanas","7":"product_shipping_class-bandana","8":"desktop-align-center","9":"tablet-align-center","10":"mobile-align-center","11":"ast-product-gallery-layout-horizontal","12":"ast-product-gallery-with-no-image","13":"ast-product-single-variable","14":"ast-product-tabs-layout-horizontal","15":"ast-qv-on-image","17":"first","18":"instock","19":"shipping-taxable","20":"purchasable","21":"product-type-variable"},"acf":[],"_links":{"self":[{"href":"https:\/\/www.dressupyourpup.com\/sv\/wp-json\/wp\/v2\/product\/9511","targetHints":{"allow":["GET"]}}],"collection":[{"href":"https:\/\/www.dressupyourpup.com\/sv\/wp-json\/wp\/v2\/product"}],"about":[{"href":"https:\/\/www.dressupyourpup.com\/sv\/wp-json\/wp\/v2\/types\/product"}],"replies":[{"embeddable":true,"href":"https:\/\/www.dressupyourpup.com\/sv\/wp-json\/wp\/v2\/comments?post=9511"}],"wp:featuredmedia":[{"embeddable":true,"href":"https:\/\/www.dressupyourpup.com\/sv\/wp-json\/wp\/v2\/media\/9535"}],"wp:attachment":[{"href":"https:\/\/www.dressupyourpup.com\/sv\/wp-json\/wp\/v2\/media?parent=9511"}],"wp:term":[{"taxonomy":"product_brand","embeddable":true,"href":"https:\/\/www.dressupyourpup.com\/sv\/wp-json\/wp\/v2\/product_brand?post=9511"},{"taxonomy":"product_cat","embeddable":true,"href":"https:\/\/www.dressupyourpup.com\/sv\/wp-json\/wp\/v2\/product_cat?post=9511"},{"taxonomy":"product_tag","embeddable":true,"href":"https:\/\/www.dressupyourpup.com\/sv\/wp-json\/wp\/v2\/product_tag?post=9511"},{"taxonomy":"woo-feed-brand","embeddable":true,"href":"https:\/\/www.dressupyourpup.com\/sv\/wp-json\/wp\/v2\/woo-feed-brand?post=9511"}],"curies":[{"name":"wp","href":"https:\/\/api.w.org\/{rel}","templated":true}]}}