{"id":9649,"date":"2022-04-26T16:54:14","date_gmt":"2022-04-26T20:54:14","guid":{"rendered":"http:\/\/s903023292.onlinehome.us\/dressupyourpup.com\/?post_type=product&#038;p=9649"},"modified":"2025-11-25T19:07:43","modified_gmt":"2025-11-26T00:07:43","slug":"pawrrific-hundbandana","status":"publish","type":"product","link":"https:\/\/www.dressupyourpup.com\/sv\/shop\/dog-bandanas\/pattern-dog-bandanas\/pawrrific-dog-bandana\/","title":{"rendered":"Piffigt! Hundbandana"},"content":{"rendered":"<p>Denna Pawrrific! hundbandana skulle se paw-some ut p\u00e5 din hund. Det \u00e4r en v\u00e4ndbar hundbandana med tassavtryck och ben p\u00e5 ena sidan och svarta och gr\u00e5 tassavtryck p\u00e5 den andra sidan.  Hundbandanan kan ocks\u00e5 anpassas med din hunds namn p\u00e5 sidan med tassavtryck och ben.  Om du f\u00f6redrar en enf\u00e4rgad f\u00e4rg p\u00e5 baksidan v\u00e4ljer du bara en av de f\u00e4rger som finns tillg\u00e4ngliga i v\u00e5r rullgardinslista.  Du kan l\u00e4gga till en valfri grafik p\u00e5 den enf\u00e4rgade sidan utan extra kostnad.<\/p>\n<p>Denna f\u00f6rkrympta, handgjorda hundbandana \u00f6ver halsbandet kommer att g\u00f6ra din hund avundsjuk p\u00e5 hundstranden!<\/p>\n<h2 style=\"text-align: center;\">Sex sk\u00e4l att k\u00f6pa v\u00e5r Pawrrific! Bandana<\/h2>\n<ul>\n<li>V\u00e5r Pawrrific! hundbandana glider l\u00e4tt \u00f6ver halsbandet. Du beh\u00f6ver inte l\u00e4ngre oroa dig f\u00f6r att knyta den f\u00f6r h\u00e5rt eller f\u00f6r l\u00f6st runt din hunds hals<\/li>\n<li>V\u00e5r Pawrrific! hundbandana finns i storlekar fr\u00e5n extra liten till extra stor. S\u00e5 oavsett om du har en chihuahua eller en grand danois, har vi en bandana som passar din valp<\/li>\n<li>Snusn\u00e4sduken \u00e4r gjord med gr\u00e4nssnitt s\u00e5 att den inte hopar sig och alltid ser fantastisk ut<\/li>\n<li>V\u00e5r bandana \u00e4r handgjord av f\u00f6rkrympt, maskintv\u00e4ttbart tyg. Du kan tv\u00e4tta den i tv\u00e4ttmaskinen och sedan l\u00e4gga i torktumlaren och den \u00e4r redo att b\u00e4ras<\/li>\n<li>V\u00e5r bandana \u00e4r verkligen v\u00e4ndbar med ett tryck p\u00e5 ena sidan och en p\u00e5strykningsgrafik p\u00e5 baksidan s\u00e5 att du f\u00e5r tv\u00e5 bandanas till priset av en<\/li>\n<li>Du kan anpassa din bandana med valpens namn p\u00e5<\/li>\n<\/ul>","protected":false},"excerpt":{"rendered":"<p>This Pawrrific! dog bandana would look paw-some on your dog. It is a reversible dog bandana with a paw prints and bones on one side and black and grey paw prints on the\u00a0 other side.\u00a0 The dog bandana can also be customized with your dog&#8217;s name on the paw print and bone side.\u00a0 If you&#8217;d [&hellip;]<\/p>\n","protected":false},"featured_media":9614,"comment_status":"open","ping_status":"closed","template":"","meta":{"_acf_changed":false,"site-sidebar-layout":"default","site-content-layout":"default","ast-site-content-layout":"default","site-content-style":"default","site-sidebar-style":"default","ast-global-header-display":"","ast-banner-title-visibility":"","ast-main-header-display":"","ast-hfb-above-header-display":"","ast-hfb-below-header-display":"","ast-hfb-mobile-header-display":"","site-post-title":"","ast-breadcrumbs-content":"","ast-featured-img":"","footer-sml-layout":"","ast-disable-related-posts":"","theme-transparent-header-meta":"default","adv-header-id-meta":"","stick-header-meta":"default","header-above-stick-meta":"","header-main-stick-meta":"","header-below-stick-meta":"","astra-migrate-meta-layouts":"default","ast-page-background-enabled":"default","ast-page-background-meta":{"desktop":{"background-color":"","background-image":"","background-repeat":"repeat","background-position":"center center","background-size":"auto","background-attachment":"scroll","background-type":"","background-media":"","overlay-type":"","overlay-color":"","overlay-opacity":"","overlay-gradient":""},"tablet":{"background-color":"","background-image":"","background-repeat":"repeat","background-position":"center center","background-size":"auto","background-attachment":"scroll","background-type":"","background-media":"","overlay-type":"","overlay-color":"","overlay-opacity":"","overlay-gradient":""},"mobile":{"background-color":"","background-image":"","background-repeat":"repeat","background-position":"center center","background-size":"auto","background-attachment":"scroll","background-type":"","background-media":"","overlay-type":"","overlay-color":"","overlay-opacity":"","overlay-gradient":""}},"ast-content-background-meta":{"desktop":{"background-color":"var(--ast-global-color-5)","background-image":"","background-repeat":"repeat","background-position":"center center","background-size":"auto","background-attachment":"scroll","background-type":"","background-media":"","overlay-type":"","overlay-color":"","overlay-opacity":"","overlay-gradient":""},"tablet":{"background-color":"var(--ast-global-color-5)","background-image":"","background-repeat":"repeat","background-position":"center center","background-size":"auto","background-attachment":"scroll","background-type":"","background-media":"","overlay-type":"","overlay-color":"","overlay-opacity":"","overlay-gradient":""},"mobile":{"background-color":"var(--ast-global-color-5)","background-image":"","background-repeat":"repeat","background-position":"center center","background-size":"auto","background-attachment":"scroll","background-type":"","background-media":"","overlay-type":"","overlay-color":"","overlay-opacity":"","overlay-gradient":""}}},"product_brand":[],"product_cat":[36],"product_tag":[],"woo-feed-brand":[],"class_list":{"0":"post-9649","1":"product","2":"type-product","3":"status-publish","4":"has-post-thumbnail","6":"product_cat-pattern-dog-bandanas","7":"product_shipping_class-bandana","8":"desktop-align-center","9":"tablet-align-center","10":"mobile-align-center","11":"ast-product-gallery-layout-horizontal","12":"ast-product-gallery-with-no-image","13":"ast-product-single-variable","14":"ast-product-tabs-layout-horizontal","15":"ast-qv-on-image","17":"first","18":"instock","19":"shipping-taxable","20":"purchasable","21":"product-type-variable"},"acf":[],"_links":{"self":[{"href":"https:\/\/www.dressupyourpup.com\/sv\/wp-json\/wp\/v2\/product\/9649","targetHints":{"allow":["GET"]}}],"collection":[{"href":"https:\/\/www.dressupyourpup.com\/sv\/wp-json\/wp\/v2\/product"}],"about":[{"href":"https:\/\/www.dressupyourpup.com\/sv\/wp-json\/wp\/v2\/types\/product"}],"replies":[{"embeddable":true,"href":"https:\/\/www.dressupyourpup.com\/sv\/wp-json\/wp\/v2\/comments?post=9649"}],"wp:featuredmedia":[{"embeddable":true,"href":"https:\/\/www.dressupyourpup.com\/sv\/wp-json\/wp\/v2\/media\/9614"}],"wp:attachment":[{"href":"https:\/\/www.dressupyourpup.com\/sv\/wp-json\/wp\/v2\/media?parent=9649"}],"wp:term":[{"taxonomy":"product_brand","embeddable":true,"href":"https:\/\/www.dressupyourpup.com\/sv\/wp-json\/wp\/v2\/product_brand?post=9649"},{"taxonomy":"product_cat","embeddable":true,"href":"https:\/\/www.dressupyourpup.com\/sv\/wp-json\/wp\/v2\/product_cat?post=9649"},{"taxonomy":"product_tag","embeddable":true,"href":"https:\/\/www.dressupyourpup.com\/sv\/wp-json\/wp\/v2\/product_tag?post=9649"},{"taxonomy":"woo-feed-brand","embeddable":true,"href":"https:\/\/www.dressupyourpup.com\/sv\/wp-json\/wp\/v2\/woo-feed-brand?post=9649"}],"curies":[{"name":"wp","href":"https:\/\/api.w.org\/{rel}","templated":true}]}}